{"id":314,"date":"2018-10-05T18:18:09","date_gmt":"2018-10-05T16:18:09","guid":{"rendered":"http:\/\/localhost\/CPE\/Synergie\/?page_id=101"},"modified":"2022-04-15T10:33:49","modified_gmt":"2022-04-15T08:33:49","slug":"traductions-techniques","status":"publish","type":"page","link":"https:\/\/synergie.cpe.fr\/index.php\/traductions-techniques\/","title":{"rendered":"Traductions techniques"},"content":{"rendered":"\n\t<!--Card image-->\n\t\t\t\t<img decoding=\"async\" src=\"https:\/\/synergie.cpe.fr\/wp-content\/uploads\/2018\/10\/alley-architecture-attraction-1174136.jpg\" alt=\"alley-architecture-attraction-1174136\" itemprop=\"image\"  \/>\n\t<!--\/.Card image-->\n\t<!--Card content-->\n\t\t\t<!--Title-->\n\t\t<h4>Traduction de documents techniques et documentations<\/h4>\n\t\t<!--\/.Title-->\n\t\t\t<!--Text-->\n\t\t\t\t<p>Gr\u00e2ce aux programmes d&rsquo;\u00e9changes internationaux CPE Lyon, nos \u00e9tudiants intervenants proviennent des 4 coins du monde, avec une connaissance native des principales langues. Nous vous proposons ainsi de traduire vos descriptifs produit, vos sites web ou encore vos documentations techniques, avec pour atout des notions dans les sujets traduits (informatique, \u00e9lectronique, chimie).Les langues propos\u00e9es majoritairement sont l&rsquo;anglais, le chinois, l&rsquo;allemand, l&rsquo;espagnol, l&rsquo;italien ou encore le japonais.<\/p>\t\t\t\n\t\t<!--\/.Text-->\n\t\t\t<!--Link--> \n\t\t\t\t\t\t <a href=\"\/index.php\/contact-devis\/\" target=\"_self\" rel=\"noopener\">\n\t\t\t\tDemander un devis\n\t\t\t<\/a>\t\n\t\t\t\t<!--\/.Link-->\n\t<!--\/.Card content-->\n","protected":false},"excerpt":{"rendered":"<p>Traduction de documents techniques et documentations Gr\u00e2ce aux programmes d&rsquo;\u00e9changes internationaux CPE Lyon, nos \u00e9tudiants intervenants proviennent des 4 coins du monde, avec une connaissance native des principales langues. Nous vous proposons ainsi de traduire vos descriptifs produit, vos sites web ou encore vos documentations techniques, avec pour atout des<a class=\"moretag\" href=\"https:\/\/synergie.cpe.fr\/index.php\/traductions-techniques\/\"> Lire la suite<\/a><\/p>\n","protected":false},"author":13,"featured_media":0,"parent":0,"menu_order":0,"comment_status":"closed","ping_status":"closed","template":"page-templates\/template-fullwidth.php","meta":{"_exactmetrics_skip_tracking":false,"_exactmetrics_sitenote_active":false,"_exactmetrics_sitenote_note":"","_exactmetrics_sitenote_category":0,"_monsterinsights_skip_tracking":false,"_monsterinsights_sitenote_active":false,"_monsterinsights_sitenote_note":"","_monsterinsights_sitenote_category":0,"footnotes":""},"class_list":["post-314","page","type-page","status-publish","hentry"],"yoast_head":"<!-- This site is optimized with the Yoast SEO plugin v26.5 - https:\/\/yoast.com\/wordpress\/plugins\/seo\/ -->\n<title>Traductions techniques - Synergie CPE Lyon<\/title>\n<meta name=\"robots\" content=\"noindex, follow, max-snippet:-1, max-image-preview:large, max-video-preview:-1\" \/>\n<meta property=\"og:locale\" content=\"fr_FR\" \/>\n<meta property=\"og:type\" content=\"article\" \/>\n<meta property=\"og:title\" content=\"Traductions techniques - Synergie CPE Lyon\" \/>\n<meta property=\"og:description\" content=\"Traduction de documents techniques et documentations Gr\u00e2ce aux programmes d&rsquo;\u00e9changes internationaux CPE Lyon, nos \u00e9tudiants intervenants proviennent des 4 coins du monde, avec une connaissance native des principales langues. Nous vous proposons ainsi de traduire vos descriptifs produit, vos sites web ou encore vos documentations techniques, avec pour atout des Lire la suite\" \/>\n<meta property=\"og:url\" content=\"https:\/\/synergie.cpe.fr\/index.php\/traductions-techniques\/\" \/>\n<meta property=\"og:site_name\" content=\"Synergie CPE Lyon\" \/>\n<meta property=\"article:modified_time\" content=\"2022-04-15T08:33:49+00:00\" \/>\n<meta property=\"og:image\" content=\"https:\/\/synergie.cpe.fr\/wp-content\/uploads\/2018\/10\/alley-architecture-attraction-1174136.jpg\" \/>\n<meta name=\"twitter:card\" content=\"summary_large_image\" \/>\n<script type=\"application\/ld+json\" class=\"yoast-schema-graph\">{\"@context\":\"https:\/\/schema.org\",\"@graph\":[{\"@type\":\"WebPage\",\"@id\":\"https:\/\/synergie.cpe.fr\/index.php\/traductions-techniques\/\",\"url\":\"https:\/\/synergie.cpe.fr\/index.php\/traductions-techniques\/\",\"name\":\"Traductions techniques - Synergie CPE Lyon\",\"isPartOf\":{\"@id\":\"https:\/\/synergiecpelyon.fr\/#website\"},\"primaryImageOfPage\":{\"@id\":\"https:\/\/synergie.cpe.fr\/index.php\/traductions-techniques\/#primaryimage\"},\"image\":{\"@id\":\"https:\/\/synergie.cpe.fr\/index.php\/traductions-techniques\/#primaryimage\"},\"thumbnailUrl\":\"https:\/\/synergie.cpe.fr\/wp-content\/uploads\/2018\/10\/alley-architecture-attraction-1174136.jpg\",\"datePublished\":\"2018-10-05T16:18:09+00:00\",\"dateModified\":\"2022-04-15T08:33:49+00:00\",\"breadcrumb\":{\"@id\":\"https:\/\/synergie.cpe.fr\/index.php\/traductions-techniques\/#breadcrumb\"},\"inLanguage\":\"fr-FR\",\"potentialAction\":[{\"@type\":\"ReadAction\",\"target\":[\"https:\/\/synergie.cpe.fr\/index.php\/traductions-techniques\/\"]}]},{\"@type\":\"ImageObject\",\"inLanguage\":\"fr-FR\",\"@id\":\"https:\/\/synergie.cpe.fr\/index.php\/traductions-techniques\/#primaryimage\",\"url\":\"https:\/\/synergie.cpe.fr\/wp-content\/uploads\/2018\/10\/alley-architecture-attraction-1174136.jpg\",\"contentUrl\":\"https:\/\/synergie.cpe.fr\/wp-content\/uploads\/2018\/10\/alley-architecture-attraction-1174136.jpg\",\"width\":4586,\"height\":766,\"caption\":\"languages flags\"},{\"@type\":\"BreadcrumbList\",\"@id\":\"https:\/\/synergie.cpe.fr\/index.php\/traductions-techniques\/#breadcrumb\",\"itemListElement\":[{\"@type\":\"ListItem\",\"position\":1,\"name\":\"Accueil\",\"item\":\"https:\/\/synergiecpelyon.fr\/\"},{\"@type\":\"ListItem\",\"position\":2,\"name\":\"Traductions techniques\"}]},{\"@type\":\"WebSite\",\"@id\":\"https:\/\/synergiecpelyon.fr\/#website\",\"url\":\"https:\/\/synergiecpelyon.fr\/\",\"name\":\"Synergie CPE Lyon\",\"description\":\"\",\"publisher\":{\"@id\":\"https:\/\/synergiecpelyon.fr\/#organization\"},\"potentialAction\":[{\"@type\":\"SearchAction\",\"target\":{\"@type\":\"EntryPoint\",\"urlTemplate\":\"https:\/\/synergiecpelyon.fr\/?s={search_term_string}\"},\"query-input\":{\"@type\":\"PropertyValueSpecification\",\"valueRequired\":true,\"valueName\":\"search_term_string\"}}],\"inLanguage\":\"fr-FR\"},{\"@type\":\"Organization\",\"@id\":\"https:\/\/synergiecpelyon.fr\/#organization\",\"name\":\"Synergie CPE Lyon\",\"url\":\"https:\/\/synergiecpelyon.fr\/\",\"logo\":{\"@type\":\"ImageObject\",\"inLanguage\":\"fr-FR\",\"@id\":\"https:\/\/synergiecpelyon.fr\/#\/schema\/logo\/image\/\",\"url\":\"https:\/\/synergie.cpe.fr\/wp-content\/uploads\/2024\/11\/cropped-cropped-Logo-Synergie-sans-fond.png\",\"contentUrl\":\"https:\/\/synergie.cpe.fr\/wp-content\/uploads\/2024\/11\/cropped-cropped-Logo-Synergie-sans-fond.png\",\"width\":1563,\"height\":758,\"caption\":\"Synergie CPE Lyon\"},\"image\":{\"@id\":\"https:\/\/synergiecpelyon.fr\/#\/schema\/logo\/image\/\"}}]}<\/script>\n<!-- \/ Yoast SEO plugin. -->","yoast_head_json":{"title":"Traductions techniques - Synergie CPE Lyon","robots":{"index":"noindex","follow":"follow","max-snippet":"max-snippet:-1","max-image-preview":"max-image-preview:large","max-video-preview":"max-video-preview:-1"},"og_locale":"fr_FR","og_type":"article","og_title":"Traductions techniques - Synergie CPE Lyon","og_description":"Traduction de documents techniques et documentations Gr\u00e2ce aux programmes d&rsquo;\u00e9changes internationaux CPE Lyon, nos \u00e9tudiants intervenants proviennent des 4 coins du monde, avec une connaissance native des principales langues. Nous vous proposons ainsi de traduire vos descriptifs produit, vos sites web ou encore vos documentations techniques, avec pour atout des Lire la suite","og_url":"https:\/\/synergie.cpe.fr\/index.php\/traductions-techniques\/","og_site_name":"Synergie CPE Lyon","article_modified_time":"2022-04-15T08:33:49+00:00","og_image":[{"url":"https:\/\/synergie.cpe.fr\/wp-content\/uploads\/2018\/10\/alley-architecture-attraction-1174136.jpg","type":"","width":"","height":""}],"twitter_card":"summary_large_image","schema":{"@context":"https:\/\/schema.org","@graph":[{"@type":"WebPage","@id":"https:\/\/synergie.cpe.fr\/index.php\/traductions-techniques\/","url":"https:\/\/synergie.cpe.fr\/index.php\/traductions-techniques\/","name":"Traductions techniques - Synergie CPE Lyon","isPartOf":{"@id":"https:\/\/synergiecpelyon.fr\/#website"},"primaryImageOfPage":{"@id":"https:\/\/synergie.cpe.fr\/index.php\/traductions-techniques\/#primaryimage"},"image":{"@id":"https:\/\/synergie.cpe.fr\/index.php\/traductions-techniques\/#primaryimage"},"thumbnailUrl":"https:\/\/synergie.cpe.fr\/wp-content\/uploads\/2018\/10\/alley-architecture-attraction-1174136.jpg","datePublished":"2018-10-05T16:18:09+00:00","dateModified":"2022-04-15T08:33:49+00:00","breadcrumb":{"@id":"https:\/\/synergie.cpe.fr\/index.php\/traductions-techniques\/#breadcrumb"},"inLanguage":"fr-FR","potentialAction":[{"@type":"ReadAction","target":["https:\/\/synergie.cpe.fr\/index.php\/traductions-techniques\/"]}]},{"@type":"ImageObject","inLanguage":"fr-FR","@id":"https:\/\/synergie.cpe.fr\/index.php\/traductions-techniques\/#primaryimage","url":"https:\/\/synergie.cpe.fr\/wp-content\/uploads\/2018\/10\/alley-architecture-attraction-1174136.jpg","contentUrl":"https:\/\/synergie.cpe.fr\/wp-content\/uploads\/2018\/10\/alley-architecture-attraction-1174136.jpg","width":4586,"height":766,"caption":"languages flags"},{"@type":"BreadcrumbList","@id":"https:\/\/synergie.cpe.fr\/index.php\/traductions-techniques\/#breadcrumb","itemListElement":[{"@type":"ListItem","position":1,"name":"Accueil","item":"https:\/\/synergiecpelyon.fr\/"},{"@type":"ListItem","position":2,"name":"Traductions techniques"}]},{"@type":"WebSite","@id":"https:\/\/synergiecpelyon.fr\/#website","url":"https:\/\/synergiecpelyon.fr\/","name":"Synergie CPE Lyon","description":"","publisher":{"@id":"https:\/\/synergiecpelyon.fr\/#organization"},"potentialAction":[{"@type":"SearchAction","target":{"@type":"EntryPoint","urlTemplate":"https:\/\/synergiecpelyon.fr\/?s={search_term_string}"},"query-input":{"@type":"PropertyValueSpecification","valueRequired":true,"valueName":"search_term_string"}}],"inLanguage":"fr-FR"},{"@type":"Organization","@id":"https:\/\/synergiecpelyon.fr\/#organization","name":"Synergie CPE Lyon","url":"https:\/\/synergiecpelyon.fr\/","logo":{"@type":"ImageObject","inLanguage":"fr-FR","@id":"https:\/\/synergiecpelyon.fr\/#\/schema\/logo\/image\/","url":"https:\/\/synergie.cpe.fr\/wp-content\/uploads\/2024\/11\/cropped-cropped-Logo-Synergie-sans-fond.png","contentUrl":"https:\/\/synergie.cpe.fr\/wp-content\/uploads\/2024\/11\/cropped-cropped-Logo-Synergie-sans-fond.png","width":1563,"height":758,"caption":"Synergie CPE Lyon"},"image":{"@id":"https:\/\/synergiecpelyon.fr\/#\/schema\/logo\/image\/"}}]}},"_links":{"self":[{"href":"https:\/\/synergie.cpe.fr\/index.php\/wp-json\/wp\/v2\/pages\/314","targetHints":{"allow":["GET"]}}],"collection":[{"href":"https:\/\/synergie.cpe.fr\/index.php\/wp-json\/wp\/v2\/pages"}],"about":[{"href":"https:\/\/synergie.cpe.fr\/index.php\/wp-json\/wp\/v2\/types\/page"}],"author":[{"embeddable":true,"href":"https:\/\/synergie.cpe.fr\/index.php\/wp-json\/wp\/v2\/users\/13"}],"replies":[{"embeddable":true,"href":"https:\/\/synergie.cpe.fr\/index.php\/wp-json\/wp\/v2\/comments?post=314"}],"version-history":[{"count":3,"href":"https:\/\/synergie.cpe.fr\/index.php\/wp-json\/wp\/v2\/pages\/314\/revisions"}],"predecessor-version":[{"id":691,"href":"https:\/\/synergie.cpe.fr\/index.php\/wp-json\/wp\/v2\/pages\/314\/revisions\/691"}],"wp:attachment":[{"href":"https:\/\/synergie.cpe.fr\/index.php\/wp-json\/wp\/v2\/media?parent=314"}],"curies":[{"name":"wp","href":"https:\/\/api.w.org\/{rel}","templated":true}]}}