{"id":318,"date":"2018-10-06T15:08:44","date_gmt":"2018-10-06T13:08:44","guid":{"rendered":"http:\/\/localhost\/CPE\/Synergie\/?page_id=183"},"modified":"2018-10-20T09:42:53","modified_gmt":"2018-10-20T07:42:53","slug":"deroulement-etude","status":"publish","type":"page","link":"https:\/\/synergie.cpe.fr\/index.php\/deroulement-etude\/","title":{"rendered":"D\u00e9roulement d&rsquo;une \u00e9tude"},"content":{"rendered":"<p>Une \u00e9tude se d\u00e9compose en plusieurs phases, pour vous accompagner au mieux dans votre projet :<\/p>\n\t\t\t<section id=\"cd-timeline\" class=\"cd-container timeline-express\">\n\n\t\t\t\n<div class=\"cd-timeline-block janvier 01 2018 announcement-no-image announcement-334\">\n\n\t\n\t\t<div class=\"cd-timeline-img cd-picture icon-no-readmore\" style=\"background:#1e73be;\">\n\n\t\t\t<!-- Custom Action Hook -->\n\t\t\t\n\t\t\t\t<!-- Standard Font Awesome Icon -->\n\t\t\t\t<span class=\"fa fa-calendar-check-o\" title=\"1) Premier contact\"><\/span>\n\n\t\t\t\n\t\t<\/div> <!-- cd-timeline-img -->\n\n\t\n\t<!-- Timeline Content -->\n\t<div class=\"cd-timeline-content\">\n\n\t\t\n\t\t<!-- Announcement Title -->\n\t\t<div class=\"cd-timeline-title-container\">\n\n\t\t\t\n\t\t\t<h2 class=\"cd-timeline-item-title\">\n\t\t\t\t1) Premier contact\t\t\t<\/h2>\n\n\t\t\t\t\t<\/div>\n\t\t<!-- End Announcement Title -->\n\n\t\t\n\t\t<!-- Announcement Excerpt -->\n\t\t<div class=\"the-excerpt\">\n\t\t\t<p>Rendez-vous avec vos \u00e9quipes afin de d\u00e9terminer vos besoins et\u00a0proposition commerciale (devis, \u00e9ch\u00e9ancier, confidentialit\u00e9, garantie, &#8230;)<\/p>\n\t\t<\/div>\n\t\t<!-- End Announcement Excerpt -->\n\n\t\t\n\t<\/div>\n\t<!-- End Timeline Content -->\n\n<\/div>\n<!-- End Timeline Block -->\n\n<div class=\"cd-timeline-block janvier 02 2018 announcement-no-image announcement-335\">\n\n\t\n\t\t<div class=\"cd-timeline-img cd-picture icon-no-readmore\" style=\"background:#1e73be;\">\n\n\t\t\t<!-- Custom Action Hook -->\n\t\t\t\n\t\t\t\t<!-- Standard Font Awesome Icon -->\n\t\t\t\t<span class=\"fa fa-chain\" title=\"2) Convention d&rsquo;\u00e9tude\"><\/span>\n\n\t\t\t\n\t\t<\/div> <!-- cd-timeline-img -->\n\n\t\n\t<!-- Timeline Content -->\n\t<div class=\"cd-timeline-content\">\n\n\t\t\n\t\t<!-- Announcement Title -->\n\t\t<div class=\"cd-timeline-title-container\">\n\n\t\t\t\n\t\t\t<h2 class=\"cd-timeline-item-title\">\n\t\t\t\t2) Convention d&rsquo;\u00e9tude\t\t\t<\/h2>\n\n\t\t\t\t\t<\/div>\n\t\t<!-- End Announcement Title -->\n\n\t\t\n\t\t<!-- Announcement Excerpt -->\n\t\t<div class=\"the-excerpt\">\n\t\t\t<p>Formalise l\u2019accord entre votre entreprise et Synergie CPE Lyon, ainsi que nos engagements respectifs (fait office de contrat)<\/p>\n\t\t<\/div>\n\t\t<!-- End Announcement Excerpt -->\n\n\t\t\n\t<\/div>\n\t<!-- End Timeline Content -->\n\n<\/div>\n<!-- End Timeline Block -->\n\n<div class=\"cd-timeline-block janvier 03 2018 announcement-no-image announcement-225\">\n\n\t\n\t\t<div class=\"cd-timeline-img cd-picture icon-no-readmore\" style=\"background:#1e73be;\">\n\n\t\t\t<!-- Custom Action Hook -->\n\t\t\t\n\t\t\t\t<!-- Standard Font Awesome Icon -->\n\t\t\t\t<span class=\"fa fa-users\" title=\"3) Constitution de l&rsquo;\u00e9quipe\"><\/span>\n\n\t\t\t\n\t\t<\/div> <!-- cd-timeline-img -->\n\n\t\n\t<!-- Timeline Content -->\n\t<div class=\"cd-timeline-content\">\n\n\t\t\n\t\t<!-- Announcement Title -->\n\t\t<div class=\"cd-timeline-title-container\">\n\n\t\t\t\n\t\t\t<h2 class=\"cd-timeline-item-title\">\n\t\t\t\t3) Constitution de l&rsquo;\u00e9quipe\t\t\t<\/h2>\n\n\t\t\t\t\t<\/div>\n\t\t<!-- End Announcement Title -->\n\n\t\t\n\t\t<!-- Announcement Excerpt -->\n\t\t<div class=\"the-excerpt\">\n\t\t\t<p>Recrutement des consultants parmi les meilleurs \u00e9tudiants de CPE Lyon, qui travailleront sur votre projet<\/p>\n\t\t<\/div>\n\t\t<!-- End Announcement Excerpt -->\n\n\t\t\n\t<\/div>\n\t<!-- End Timeline Content -->\n\n<\/div>\n<!-- End Timeline Block -->\n\n<div class=\"cd-timeline-block janvier 04 2018 announcement-no-image announcement-336\">\n\n\t\n\t\t<div class=\"cd-timeline-img cd-picture icon-no-readmore\" style=\"background:#1e73be;\">\n\n\t\t\t<!-- Custom Action Hook -->\n\t\t\t\n\t\t\t\t<!-- Standard Font Awesome Icon -->\n\t\t\t\t<span class=\"fa fa-gears\" title=\"4) Suivi d&#039;\u00e9tude\"><\/span>\n\n\t\t\t\n\t\t<\/div> <!-- cd-timeline-img -->\n\n\t\n\t<!-- Timeline Content -->\n\t<div class=\"cd-timeline-content\">\n\n\t\t\n\t\t<!-- Announcement Title -->\n\t\t<div class=\"cd-timeline-title-container\">\n\n\t\t\t\n\t\t\t<h2 class=\"cd-timeline-item-title\">\n\t\t\t\t4) Suivi d&#039;\u00e9tude\t\t\t<\/h2>\n\n\t\t\t\t\t<\/div>\n\t\t<!-- End Announcement Title -->\n\n\t\t\n\t\t<!-- Announcement Excerpt -->\n\t\t<div class=\"the-excerpt\">\n\t\t\t<p>Suivi hebdomadaire de votre \u00e9tude via un charg\u00e9 d&rsquo;affaires d\u00e9di\u00e9, pour vous tenir inform\u00e9 de l&rsquo;avancement<\/p>\n\t\t<\/div>\n\t\t<!-- End Announcement Excerpt -->\n\n\t\t\n\t<\/div>\n\t<!-- End Timeline Content -->\n\n<\/div>\n<!-- End Timeline Block -->\n\n<div class=\"cd-timeline-block janvier 05 2018 announcement-no-image announcement-337\">\n\n\t\n\t\t<div class=\"cd-timeline-img cd-picture icon-no-readmore\" style=\"background:#1e73be;\">\n\n\t\t\t<!-- Custom Action Hook -->\n\t\t\t\n\t\t\t\t<!-- Standard Font Awesome Icon -->\n\t\t\t\t<span class=\"fa fa-cubes\" title=\"5) Livraison\"><\/span>\n\n\t\t\t\n\t\t<\/div> <!-- cd-timeline-img -->\n\n\t\n\t<!-- Timeline Content -->\n\t<div class=\"cd-timeline-content\">\n\n\t\t\n\t\t<!-- Announcement Title -->\n\t\t<div class=\"cd-timeline-title-container\">\n\n\t\t\t\n\t\t\t<h2 class=\"cd-timeline-item-title\">\n\t\t\t\t5) Livraison\t\t\t<\/h2>\n\n\t\t\t\t\t<\/div>\n\t\t<!-- End Announcement Title -->\n\n\t\t\n\t\t<!-- Announcement Excerpt -->\n\t\t<div class=\"the-excerpt\">\n\t\t\t<p>Livraison de votre produit, essais client et correctifs mineurs, livraison de la version finale<\/p>\n\t\t<\/div>\n\t\t<!-- End Announcement Excerpt -->\n\n\t\t\n\t<\/div>\n\t<!-- End Timeline Content -->\n\n<\/div>\n<!-- End Timeline Block -->\n\n<div class=\"cd-timeline-block janvier 06 2018 announcement-no-image announcement-338\">\n\n\t\n\t\t<div class=\"cd-timeline-img cd-picture icon-no-readmore\" style=\"background:#1e73be;\">\n\n\t\t\t<!-- Custom Action Hook -->\n\t\t\t\n\t\t\t\t<!-- Standard Font Awesome Icon -->\n\t\t\t\t<span class=\"fa fa-money\" title=\"6) Proc\u00e8s Verbal de Recette Final\"><\/span>\n\n\t\t\t\n\t\t<\/div> <!-- cd-timeline-img -->\n\n\t\n\t<!-- Timeline Content -->\n\t<div class=\"cd-timeline-content\">\n\n\t\t\n\t\t<!-- Announcement Title -->\n\t\t<div class=\"cd-timeline-title-container\">\n\n\t\t\t\n\t\t\t<h2 class=\"cd-timeline-item-title\">\n\t\t\t\t6) Proc\u00e8s Verbal de Recette Final\t\t\t<\/h2>\n\n\t\t\t\t\t<\/div>\n\t\t<!-- End Announcement Title -->\n\n\t\t\n\t\t<!-- Announcement Excerpt -->\n\t\t<div class=\"the-excerpt\">\n\t\t\t<p>Formalisation de la fin de l&rsquo;\u00e9tude et \u00e9mission de la facture de solde<\/p>\n\t\t<\/div>\n\t\t<!-- End Announcement Excerpt -->\n\n\t\t\n\t<\/div>\n\t<!-- End Timeline Content -->\n\n<\/div>\n<!-- End Timeline Block -->\n\n<div class=\"cd-timeline-block janvier 07 2018 announcement-no-image announcement-340\">\n\n\t\n\t\t<div class=\"cd-timeline-img cd-picture icon-no-readmore\" style=\"background:#1e73be;\">\n\n\t\t\t<!-- Custom Action Hook -->\n\t\t\t\n\t\t\t\t<!-- Standard Font Awesome Icon -->\n\t\t\t\t<span class=\"fa fa-question\" title=\"7) Satisfaction client\"><\/span>\n\n\t\t\t\n\t\t<\/div> <!-- cd-timeline-img -->\n\n\t\n\t<!-- Timeline Content -->\n\t<div class=\"cd-timeline-content\">\n\n\t\t\n\t\t<!-- Announcement Title -->\n\t\t<div class=\"cd-timeline-title-container\">\n\n\t\t\t\n\t\t\t<h2 class=\"cd-timeline-item-title\">\n\t\t\t\t7) Satisfaction client\t\t\t<\/h2>\n\n\t\t\t\t\t<\/div>\n\t\t<!-- End Announcement Title -->\n\n\t\t\n\t\t<!-- Announcement Excerpt -->\n\t\t<div class=\"the-excerpt\">\n\t\t\t<p>Le questionnaire de satisfaction nous permet d\u2019am\u00e9liorer continuellement nos services afin de satisfaire au mieux vos attentes<\/p>\n\t\t<\/div>\n\t\t<!-- End Announcement Excerpt -->\n\n\t\t\n\t<\/div>\n\t<!-- End Timeline Content -->\n\n<\/div>\n<!-- End Timeline Block -->\n\n<div class=\"cd-timeline-block janvier 08 2018 announcement-no-image announcement-339\">\n\n\t\n\t\t<div class=\"cd-timeline-img cd-picture icon-no-readmore\" style=\"background:#1e73be;\">\n\n\t\t\t<!-- Custom Action Hook -->\n\t\t\t\n\t\t\t\t<!-- Standard Font Awesome Icon -->\n\t\t\t\t<span class=\"fa fa-heart\" title=\"8) Garantie\"><\/span>\n\n\t\t\t\n\t\t<\/div> <!-- cd-timeline-img -->\n\n\t\n\t<!-- Timeline Content -->\n\t<div class=\"cd-timeline-content\">\n\n\t\t\n\t\t<!-- Announcement Title -->\n\t\t<div class=\"cd-timeline-title-container\">\n\n\t\t\t\n\t\t\t<h2 class=\"cd-timeline-item-title\">\n\t\t\t\t8) Garantie\t\t\t<\/h2>\n\n\t\t\t\t\t<\/div>\n\t\t<!-- End Announcement Title -->\n\n\t\t\n\t\t<!-- Announcement Excerpt -->\n\t\t<div class=\"the-excerpt\">\n\t\t\t<p>Garantie allant de 15 jours pour un simple rapport d&rsquo;\u00e9tude jusqu&rsquo;\u00e0 3 mois pour les livrables les plus \u00e9labor\u00e9s.<\/p>\n\t\t<\/div>\n\t\t<!-- End Announcement Excerpt -->\n\n\t\t\n\t<\/div>\n\t<!-- End Timeline Content -->\n\n<\/div>\n<!-- End Timeline Block -->\n\n\t\t\t<\/section>\n\n\t\t\t<!-- Timeline Express Free v1.8.1 | Site: https:\/\/www.wp-timelineexpress.com | Author: CodeParrots - http:\/\/www.codeparrots.com -->\n","protected":false},"excerpt":{"rendered":"<p>Une \u00e9tude se d\u00e9compose en plusieurs phases, pour vous accompagner au mieux dans votre projet :<\/p>\n","protected":false},"author":13,"featured_media":0,"parent":0,"menu_order":0,"comment_status":"closed","ping_status":"closed","template":"page-templates\/template-fullwidth.php","meta":{"_exactmetrics_skip_tracking":false,"_exactmetrics_sitenote_active":false,"_exactmetrics_sitenote_note":"","_exactmetrics_sitenote_category":0,"_monsterinsights_skip_tracking":false,"_monsterinsights_sitenote_active":false,"_monsterinsights_sitenote_note":"","_monsterinsights_sitenote_category":0,"footnotes":""},"class_list":["post-318","page","type-page","status-publish","hentry"],"yoast_head":"<!-- This site is optimized with the Yoast SEO plugin v26.5 - https:\/\/yoast.com\/wordpress\/plugins\/seo\/ -->\n<title>D\u00e9roulement d&#039;une \u00e9tude - Synergie CPE Lyon<\/title>\n<meta name=\"robots\" content=\"noindex, follow, max-snippet:-1, max-image-preview:large, max-video-preview:-1\" \/>\n<meta property=\"og:locale\" content=\"fr_FR\" \/>\n<meta property=\"og:type\" content=\"article\" \/>\n<meta property=\"og:title\" content=\"D\u00e9roulement d&#039;une \u00e9tude - Synergie CPE Lyon\" \/>\n<meta property=\"og:description\" content=\"Une \u00e9tude se d\u00e9compose en plusieurs phases, pour vous accompagner au mieux dans votre projet :\" \/>\n<meta property=\"og:url\" content=\"https:\/\/synergie.cpe.fr\/index.php\/deroulement-etude\/\" \/>\n<meta property=\"og:site_name\" content=\"Synergie CPE Lyon\" \/>\n<meta property=\"article:modified_time\" content=\"2018-10-20T07:42:53+00:00\" \/>\n<meta name=\"twitter:card\" content=\"summary_large_image\" \/>\n<script type=\"application\/ld+json\" class=\"yoast-schema-graph\">{\"@context\":\"https:\/\/schema.org\",\"@graph\":[{\"@type\":\"WebPage\",\"@id\":\"https:\/\/synergie.cpe.fr\/index.php\/deroulement-etude\/\",\"url\":\"https:\/\/synergie.cpe.fr\/index.php\/deroulement-etude\/\",\"name\":\"D\u00e9roulement d'une \u00e9tude - Synergie CPE Lyon\",\"isPartOf\":{\"@id\":\"https:\/\/synergiecpelyon.fr\/#website\"},\"datePublished\":\"2018-10-06T13:08:44+00:00\",\"dateModified\":\"2018-10-20T07:42:53+00:00\",\"breadcrumb\":{\"@id\":\"https:\/\/synergie.cpe.fr\/index.php\/deroulement-etude\/#breadcrumb\"},\"inLanguage\":\"fr-FR\",\"potentialAction\":[{\"@type\":\"ReadAction\",\"target\":[\"https:\/\/synergie.cpe.fr\/index.php\/deroulement-etude\/\"]}]},{\"@type\":\"BreadcrumbList\",\"@id\":\"https:\/\/synergie.cpe.fr\/index.php\/deroulement-etude\/#breadcrumb\",\"itemListElement\":[{\"@type\":\"ListItem\",\"position\":1,\"name\":\"Accueil\",\"item\":\"https:\/\/synergiecpelyon.fr\/\"},{\"@type\":\"ListItem\",\"position\":2,\"name\":\"D\u00e9roulement d&rsquo;une \u00e9tude\"}]},{\"@type\":\"WebSite\",\"@id\":\"https:\/\/synergiecpelyon.fr\/#website\",\"url\":\"https:\/\/synergiecpelyon.fr\/\",\"name\":\"Synergie CPE Lyon\",\"description\":\"\",\"publisher\":{\"@id\":\"https:\/\/synergiecpelyon.fr\/#organization\"},\"potentialAction\":[{\"@type\":\"SearchAction\",\"target\":{\"@type\":\"EntryPoint\",\"urlTemplate\":\"https:\/\/synergiecpelyon.fr\/?s={search_term_string}\"},\"query-input\":{\"@type\":\"PropertyValueSpecification\",\"valueRequired\":true,\"valueName\":\"search_term_string\"}}],\"inLanguage\":\"fr-FR\"},{\"@type\":\"Organization\",\"@id\":\"https:\/\/synergiecpelyon.fr\/#organization\",\"name\":\"Synergie CPE Lyon\",\"url\":\"https:\/\/synergiecpelyon.fr\/\",\"logo\":{\"@type\":\"ImageObject\",\"inLanguage\":\"fr-FR\",\"@id\":\"https:\/\/synergiecpelyon.fr\/#\/schema\/logo\/image\/\",\"url\":\"https:\/\/synergie.cpe.fr\/wp-content\/uploads\/2024\/11\/cropped-cropped-Logo-Synergie-sans-fond.png\",\"contentUrl\":\"https:\/\/synergie.cpe.fr\/wp-content\/uploads\/2024\/11\/cropped-cropped-Logo-Synergie-sans-fond.png\",\"width\":1563,\"height\":758,\"caption\":\"Synergie CPE Lyon\"},\"image\":{\"@id\":\"https:\/\/synergiecpelyon.fr\/#\/schema\/logo\/image\/\"}}]}<\/script>\n<!-- \/ Yoast SEO plugin. -->","yoast_head_json":{"title":"D\u00e9roulement d'une \u00e9tude - Synergie CPE Lyon","robots":{"index":"noindex","follow":"follow","max-snippet":"max-snippet:-1","max-image-preview":"max-image-preview:large","max-video-preview":"max-video-preview:-1"},"og_locale":"fr_FR","og_type":"article","og_title":"D\u00e9roulement d'une \u00e9tude - Synergie CPE Lyon","og_description":"Une \u00e9tude se d\u00e9compose en plusieurs phases, pour vous accompagner au mieux dans votre projet :","og_url":"https:\/\/synergie.cpe.fr\/index.php\/deroulement-etude\/","og_site_name":"Synergie CPE Lyon","article_modified_time":"2018-10-20T07:42:53+00:00","twitter_card":"summary_large_image","schema":{"@context":"https:\/\/schema.org","@graph":[{"@type":"WebPage","@id":"https:\/\/synergie.cpe.fr\/index.php\/deroulement-etude\/","url":"https:\/\/synergie.cpe.fr\/index.php\/deroulement-etude\/","name":"D\u00e9roulement d'une \u00e9tude - Synergie CPE Lyon","isPartOf":{"@id":"https:\/\/synergiecpelyon.fr\/#website"},"datePublished":"2018-10-06T13:08:44+00:00","dateModified":"2018-10-20T07:42:53+00:00","breadcrumb":{"@id":"https:\/\/synergie.cpe.fr\/index.php\/deroulement-etude\/#breadcrumb"},"inLanguage":"fr-FR","potentialAction":[{"@type":"ReadAction","target":["https:\/\/synergie.cpe.fr\/index.php\/deroulement-etude\/"]}]},{"@type":"BreadcrumbList","@id":"https:\/\/synergie.cpe.fr\/index.php\/deroulement-etude\/#breadcrumb","itemListElement":[{"@type":"ListItem","position":1,"name":"Accueil","item":"https:\/\/synergiecpelyon.fr\/"},{"@type":"ListItem","position":2,"name":"D\u00e9roulement d&rsquo;une \u00e9tude"}]},{"@type":"WebSite","@id":"https:\/\/synergiecpelyon.fr\/#website","url":"https:\/\/synergiecpelyon.fr\/","name":"Synergie CPE Lyon","description":"","publisher":{"@id":"https:\/\/synergiecpelyon.fr\/#organization"},"potentialAction":[{"@type":"SearchAction","target":{"@type":"EntryPoint","urlTemplate":"https:\/\/synergiecpelyon.fr\/?s={search_term_string}"},"query-input":{"@type":"PropertyValueSpecification","valueRequired":true,"valueName":"search_term_string"}}],"inLanguage":"fr-FR"},{"@type":"Organization","@id":"https:\/\/synergiecpelyon.fr\/#organization","name":"Synergie CPE Lyon","url":"https:\/\/synergiecpelyon.fr\/","logo":{"@type":"ImageObject","inLanguage":"fr-FR","@id":"https:\/\/synergiecpelyon.fr\/#\/schema\/logo\/image\/","url":"https:\/\/synergie.cpe.fr\/wp-content\/uploads\/2024\/11\/cropped-cropped-Logo-Synergie-sans-fond.png","contentUrl":"https:\/\/synergie.cpe.fr\/wp-content\/uploads\/2024\/11\/cropped-cropped-Logo-Synergie-sans-fond.png","width":1563,"height":758,"caption":"Synergie CPE Lyon"},"image":{"@id":"https:\/\/synergiecpelyon.fr\/#\/schema\/logo\/image\/"}}]}},"_links":{"self":[{"href":"https:\/\/synergie.cpe.fr\/index.php\/wp-json\/wp\/v2\/pages\/318","targetHints":{"allow":["GET"]}}],"collection":[{"href":"https:\/\/synergie.cpe.fr\/index.php\/wp-json\/wp\/v2\/pages"}],"about":[{"href":"https:\/\/synergie.cpe.fr\/index.php\/wp-json\/wp\/v2\/types\/page"}],"author":[{"embeddable":true,"href":"https:\/\/synergie.cpe.fr\/index.php\/wp-json\/wp\/v2\/users\/13"}],"replies":[{"embeddable":true,"href":"https:\/\/synergie.cpe.fr\/index.php\/wp-json\/wp\/v2\/comments?post=318"}],"version-history":[{"count":1,"href":"https:\/\/synergie.cpe.fr\/index.php\/wp-json\/wp\/v2\/pages\/318\/revisions"}],"predecessor-version":[{"id":401,"href":"https:\/\/synergie.cpe.fr\/index.php\/wp-json\/wp\/v2\/pages\/318\/revisions\/401"}],"wp:attachment":[{"href":"https:\/\/synergie.cpe.fr\/index.php\/wp-json\/wp\/v2\/media?parent=318"}],"curies":[{"name":"wp","href":"https:\/\/api.w.org\/{rel}","templated":true}]}}