{"id":61,"date":"2018-10-04T18:29:04","date_gmt":"2018-10-04T16:29:04","guid":{"rendered":"http:\/\/localhost\/CPE\/Synergie\/?page_id=61"},"modified":"2025-11-29T14:44:09","modified_gmt":"2025-11-29T13:44:09","slug":"quest-ce-quune-junior","status":"publish","type":"page","link":"https:\/\/synergie.cpe.fr\/index.php\/quest-ce-quune-junior\/","title":{"rendered":"Qu&rsquo;est-ce qu&rsquo;une Junior ?"},"content":{"rendered":"\n<p>Les <strong>Junior Cr\u00e9ations<\/strong> sont des associations \u00e0 vocation \u00e9conomique et p\u00e9dagogique, \u00e0 but non lucratif, fortes de plus de <strong>50 ans<\/strong> d\u2019exp\u00e9rience et soumises au r\u00e9gime de la loi 1901.<\/p>\n\n\n\n<p>Implant\u00e9es au sein des \u00e9coles et universit\u00e9s, elles permettent aux <strong>ing\u00e9nieurs prochainement dipl\u00f4m\u00e9s<\/strong> de mettre \u00e0 profit l\u2019enseignement th\u00e9orique et pratique dont ils b\u00e9n\u00e9ficient. Plus pr\u00e9cis\u00e9ment, les junior-entrepreneurs r\u00e9alisent des \u00e9tudes correspondant aux domaines de comp\u00e9tences de leur \u00e9cole, pour des clients tr\u00e8s vari\u00e9s : <strong>grands groupes, petites et moyennes entreprises, collectivit\u00e9s<\/strong>, etc.<\/p>\n\n\n\n<p>Sur le <strong>mod\u00e8le des cabinets de conseil<\/strong>, elles assurent \u00e0 leurs administrateurs une formation, avant l\u2019heure, aux m\u00e9canismes de la<strong> gestion d\u2019une entreprise et de management d\u2019une \u00e9quipe<\/strong>, et \u00e0 leurs intervenants une <strong>exp\u00e9rience professionnelle<\/strong> concr\u00e8te \u00e0 un stade pr\u00e9coce de leur emploi.<\/p>\n\n\n\n<figure><center><iframe loading=\"lazy\" src=\"https:\/\/www.youtube.com\/embed\/E3iqtDlJCD8\" width=\"640\" height=\"360\" frameborder=\"0\" allowfullscreen=\"\"><\/iframe><\/center><\/figure><br\/>\n\n\n\n<p>\n\tLes clients b\u00e9n\u00e9ficient quant \u00e0 eux des <strong>capacit\u00e9s d\u2019innovation et du dynamisme des \u00e9tudiants<\/strong>, eux-m\u00eames soutenus par le corps enseignant et les chercheurs des \u00e9coles.<br>\nIls sont en outre assur\u00e9s de b\u00e9n\u00e9ficier d\u2019\u00e9tudes de qualit\u00e9, les associations \u00e9tant contr\u00f4l\u00e9es chaque ann\u00e9e par la Conf\u00e9d\u00e9ration Nationale des Junior-Entreprises (CNJE).\n<\/p>\n\n\n\n<p>Le mouvement des Junior Cr\u00e9ations en France c\u2019est :<\/p>\n\n\n\n<ul class=\"wp-block-list\">\n<li><strong>200 <\/strong>Junior Cr\u00e9ations dans&nbsp;<strong>72<\/strong>&nbsp;villes,<\/li>\n\n\n\n<li><strong>3 500<\/strong> probl\u00e9matiques r\u00e9solues pour des professionnels chaque ann\u00e9e,<\/li>\n\n\n\n<li><strong>40 000<\/strong> professionnels accompagn\u00e9s par des Junior Cr\u00e9ations,<\/li>\n\n\n\n<li><strong>25 000<\/strong> \u00e9tudiants de l&rsquo;enseignement sup\u00e9rieur pr\u00eat \u00e0 r\u00e9aliser vos projets.<\/li>\n<\/ul>\n","protected":false},"excerpt":{"rendered":"<p>Les Junior Cr\u00e9ations sont des associations \u00e0 vocation \u00e9conomique et p\u00e9dagogique, \u00e0 but non lucratif, fortes de plus de 50 ans d\u2019exp\u00e9rience et soumises au r\u00e9gime de la loi 1901. Implant\u00e9es au sein des \u00e9coles et universit\u00e9s, elles permettent aux ing\u00e9nieurs prochainement dipl\u00f4m\u00e9s de mettre \u00e0 profit l\u2019enseignement th\u00e9orique et<a class=\"moretag\" href=\"https:\/\/synergie.cpe.fr\/index.php\/quest-ce-quune-junior\/\"> Lire la suite<\/a><\/p>\n","protected":false},"author":13,"featured_media":0,"parent":0,"menu_order":0,"comment_status":"closed","ping_status":"closed","template":"page-templates\/template-fullwidth.php","meta":{"_exactmetrics_skip_tracking":false,"_exactmetrics_sitenote_active":false,"_exactmetrics_sitenote_note":"","_exactmetrics_sitenote_category":0,"_monsterinsights_skip_tracking":false,"_monsterinsights_sitenote_active":false,"_monsterinsights_sitenote_note":"","_monsterinsights_sitenote_category":0,"footnotes":""},"class_list":["post-61","page","type-page","status-publish","hentry"],"yoast_head":"<!-- This site is optimized with the Yoast SEO plugin v26.5 - https:\/\/yoast.com\/wordpress\/plugins\/seo\/ -->\n<title>Qu&#039;est-ce qu&#039;une Junior ? - Synergie CPE Lyon<\/title>\n<meta name=\"robots\" content=\"noindex, follow, max-snippet:-1, max-image-preview:large, max-video-preview:-1\" \/>\n<meta property=\"og:locale\" content=\"fr_FR\" \/>\n<meta property=\"og:type\" content=\"article\" \/>\n<meta property=\"og:title\" content=\"Qu&#039;est-ce qu&#039;une Junior ? - Synergie CPE Lyon\" \/>\n<meta property=\"og:description\" content=\"Les Junior Cr\u00e9ations sont des associations \u00e0 vocation \u00e9conomique et p\u00e9dagogique, \u00e0 but non lucratif, fortes de plus de 50 ans d\u2019exp\u00e9rience et soumises au r\u00e9gime de la loi 1901. Implant\u00e9es au sein des \u00e9coles et universit\u00e9s, elles permettent aux ing\u00e9nieurs prochainement dipl\u00f4m\u00e9s de mettre \u00e0 profit l\u2019enseignement th\u00e9orique et Lire la suite\" \/>\n<meta property=\"og:url\" content=\"https:\/\/synergie.cpe.fr\/index.php\/quest-ce-quune-junior\/\" \/>\n<meta property=\"og:site_name\" content=\"Synergie CPE Lyon\" \/>\n<meta property=\"article:modified_time\" content=\"2025-11-29T13:44:09+00:00\" \/>\n<meta name=\"twitter:card\" content=\"summary_large_image\" \/>\n<meta name=\"twitter:label1\" content=\"Dur\u00e9e de lecture estim\u00e9e\" \/>\n\t<meta name=\"twitter:data1\" content=\"2 minutes\" \/>\n<script type=\"application\/ld+json\" class=\"yoast-schema-graph\">{\"@context\":\"https:\/\/schema.org\",\"@graph\":[{\"@type\":\"WebPage\",\"@id\":\"https:\/\/synergie.cpe.fr\/index.php\/quest-ce-quune-junior\/\",\"url\":\"https:\/\/synergie.cpe.fr\/index.php\/quest-ce-quune-junior\/\",\"name\":\"Qu'est-ce qu'une Junior ? - Synergie CPE Lyon\",\"isPartOf\":{\"@id\":\"https:\/\/synergiecpelyon.fr\/#website\"},\"datePublished\":\"2018-10-04T16:29:04+00:00\",\"dateModified\":\"2025-11-29T13:44:09+00:00\",\"breadcrumb\":{\"@id\":\"https:\/\/synergie.cpe.fr\/index.php\/quest-ce-quune-junior\/#breadcrumb\"},\"inLanguage\":\"fr-FR\",\"potentialAction\":[{\"@type\":\"ReadAction\",\"target\":[\"https:\/\/synergie.cpe.fr\/index.php\/quest-ce-quune-junior\/\"]}]},{\"@type\":\"BreadcrumbList\",\"@id\":\"https:\/\/synergie.cpe.fr\/index.php\/quest-ce-quune-junior\/#breadcrumb\",\"itemListElement\":[{\"@type\":\"ListItem\",\"position\":1,\"name\":\"Accueil\",\"item\":\"https:\/\/synergiecpelyon.fr\/\"},{\"@type\":\"ListItem\",\"position\":2,\"name\":\"Qu&rsquo;est-ce qu&rsquo;une Junior ?\"}]},{\"@type\":\"WebSite\",\"@id\":\"https:\/\/synergiecpelyon.fr\/#website\",\"url\":\"https:\/\/synergiecpelyon.fr\/\",\"name\":\"Synergie CPE Lyon\",\"description\":\"\",\"publisher\":{\"@id\":\"https:\/\/synergiecpelyon.fr\/#organization\"},\"potentialAction\":[{\"@type\":\"SearchAction\",\"target\":{\"@type\":\"EntryPoint\",\"urlTemplate\":\"https:\/\/synergiecpelyon.fr\/?s={search_term_string}\"},\"query-input\":{\"@type\":\"PropertyValueSpecification\",\"valueRequired\":true,\"valueName\":\"search_term_string\"}}],\"inLanguage\":\"fr-FR\"},{\"@type\":\"Organization\",\"@id\":\"https:\/\/synergiecpelyon.fr\/#organization\",\"name\":\"Synergie CPE Lyon\",\"url\":\"https:\/\/synergiecpelyon.fr\/\",\"logo\":{\"@type\":\"ImageObject\",\"inLanguage\":\"fr-FR\",\"@id\":\"https:\/\/synergiecpelyon.fr\/#\/schema\/logo\/image\/\",\"url\":\"https:\/\/synergie.cpe.fr\/wp-content\/uploads\/2024\/11\/cropped-cropped-Logo-Synergie-sans-fond.png\",\"contentUrl\":\"https:\/\/synergie.cpe.fr\/wp-content\/uploads\/2024\/11\/cropped-cropped-Logo-Synergie-sans-fond.png\",\"width\":1563,\"height\":758,\"caption\":\"Synergie CPE Lyon\"},\"image\":{\"@id\":\"https:\/\/synergiecpelyon.fr\/#\/schema\/logo\/image\/\"}}]}<\/script>\n<!-- \/ Yoast SEO plugin. -->","yoast_head_json":{"title":"Qu'est-ce qu'une Junior ? - Synergie CPE Lyon","robots":{"index":"noindex","follow":"follow","max-snippet":"max-snippet:-1","max-image-preview":"max-image-preview:large","max-video-preview":"max-video-preview:-1"},"og_locale":"fr_FR","og_type":"article","og_title":"Qu'est-ce qu'une Junior ? - Synergie CPE Lyon","og_description":"Les Junior Cr\u00e9ations sont des associations \u00e0 vocation \u00e9conomique et p\u00e9dagogique, \u00e0 but non lucratif, fortes de plus de 50 ans d\u2019exp\u00e9rience et soumises au r\u00e9gime de la loi 1901. Implant\u00e9es au sein des \u00e9coles et universit\u00e9s, elles permettent aux ing\u00e9nieurs prochainement dipl\u00f4m\u00e9s de mettre \u00e0 profit l\u2019enseignement th\u00e9orique et Lire la suite","og_url":"https:\/\/synergie.cpe.fr\/index.php\/quest-ce-quune-junior\/","og_site_name":"Synergie CPE Lyon","article_modified_time":"2025-11-29T13:44:09+00:00","twitter_card":"summary_large_image","twitter_misc":{"Dur\u00e9e de lecture estim\u00e9e":"2 minutes"},"schema":{"@context":"https:\/\/schema.org","@graph":[{"@type":"WebPage","@id":"https:\/\/synergie.cpe.fr\/index.php\/quest-ce-quune-junior\/","url":"https:\/\/synergie.cpe.fr\/index.php\/quest-ce-quune-junior\/","name":"Qu'est-ce qu'une Junior ? - Synergie CPE Lyon","isPartOf":{"@id":"https:\/\/synergiecpelyon.fr\/#website"},"datePublished":"2018-10-04T16:29:04+00:00","dateModified":"2025-11-29T13:44:09+00:00","breadcrumb":{"@id":"https:\/\/synergie.cpe.fr\/index.php\/quest-ce-quune-junior\/#breadcrumb"},"inLanguage":"fr-FR","potentialAction":[{"@type":"ReadAction","target":["https:\/\/synergie.cpe.fr\/index.php\/quest-ce-quune-junior\/"]}]},{"@type":"BreadcrumbList","@id":"https:\/\/synergie.cpe.fr\/index.php\/quest-ce-quune-junior\/#breadcrumb","itemListElement":[{"@type":"ListItem","position":1,"name":"Accueil","item":"https:\/\/synergiecpelyon.fr\/"},{"@type":"ListItem","position":2,"name":"Qu&rsquo;est-ce qu&rsquo;une Junior ?"}]},{"@type":"WebSite","@id":"https:\/\/synergiecpelyon.fr\/#website","url":"https:\/\/synergiecpelyon.fr\/","name":"Synergie CPE Lyon","description":"","publisher":{"@id":"https:\/\/synergiecpelyon.fr\/#organization"},"potentialAction":[{"@type":"SearchAction","target":{"@type":"EntryPoint","urlTemplate":"https:\/\/synergiecpelyon.fr\/?s={search_term_string}"},"query-input":{"@type":"PropertyValueSpecification","valueRequired":true,"valueName":"search_term_string"}}],"inLanguage":"fr-FR"},{"@type":"Organization","@id":"https:\/\/synergiecpelyon.fr\/#organization","name":"Synergie CPE Lyon","url":"https:\/\/synergiecpelyon.fr\/","logo":{"@type":"ImageObject","inLanguage":"fr-FR","@id":"https:\/\/synergiecpelyon.fr\/#\/schema\/logo\/image\/","url":"https:\/\/synergie.cpe.fr\/wp-content\/uploads\/2024\/11\/cropped-cropped-Logo-Synergie-sans-fond.png","contentUrl":"https:\/\/synergie.cpe.fr\/wp-content\/uploads\/2024\/11\/cropped-cropped-Logo-Synergie-sans-fond.png","width":1563,"height":758,"caption":"Synergie CPE Lyon"},"image":{"@id":"https:\/\/synergiecpelyon.fr\/#\/schema\/logo\/image\/"}}]}},"_links":{"self":[{"href":"https:\/\/synergie.cpe.fr\/index.php\/wp-json\/wp\/v2\/pages\/61","targetHints":{"allow":["GET"]}}],"collection":[{"href":"https:\/\/synergie.cpe.fr\/index.php\/wp-json\/wp\/v2\/pages"}],"about":[{"href":"https:\/\/synergie.cpe.fr\/index.php\/wp-json\/wp\/v2\/types\/page"}],"author":[{"embeddable":true,"href":"https:\/\/synergie.cpe.fr\/index.php\/wp-json\/wp\/v2\/users\/13"}],"replies":[{"embeddable":true,"href":"https:\/\/synergie.cpe.fr\/index.php\/wp-json\/wp\/v2\/comments?post=61"}],"version-history":[{"count":16,"href":"https:\/\/synergie.cpe.fr\/index.php\/wp-json\/wp\/v2\/pages\/61\/revisions"}],"predecessor-version":[{"id":1000,"href":"https:\/\/synergie.cpe.fr\/index.php\/wp-json\/wp\/v2\/pages\/61\/revisions\/1000"}],"wp:attachment":[{"href":"https:\/\/synergie.cpe.fr\/index.php\/wp-json\/wp\/v2\/media?parent=61"}],"curies":[{"name":"wp","href":"https:\/\/api.w.org\/{rel}","templated":true}]}}