{"id":75,"date":"2018-10-05T09:35:13","date_gmt":"2018-10-05T07:35:13","guid":{"rendered":"http:\/\/localhost\/CPE\/Synergie\/?page_id=75"},"modified":"2021-10-19T18:26:30","modified_gmt":"2021-10-19T16:26:30","slug":"informatique-telecoms","status":"publish","type":"page","link":"https:\/\/synergie.cpe.fr\/index.php\/informatique-telecoms\/","title":{"rendered":"Informatique et t\u00e9l\u00e9communications"},"content":{"rendered":"\n<!--Card image-->\n\t\t\t\t<img decoding=\"async\" src=\"https:\/\/synergie.cpe.fr\/wp-content\/uploads\/2018\/10\/blurred-background-close-up-coffee-cup-908284.jpg\" alt=\"blurred-background-close-up-coffee-cup-908284\" itemprop=\"image\">\n\t<!--\/.Card image-->\n\t<!--Card content-->\n\t\t\t<!--Title-->\n\t\t<h4>Informatique du web &amp; IoT<\/h4>\n\t\t<!--\/.Title-->\n\t\t\t<!--Text-->\n\t\t\t\t<p><b>Site vitrine &amp; web services<br><\/b>Les applications web sont un outil ergonomique et adaptable pour convertir vos visiteurs en prospects. Nous utilisons toujours les technologies les plus performantes que nous pouvons fournir, afin de dynamiser vos projets.<b>Applications mobiles iOS &amp; Android<br><\/b>Dans le but de faciliter le quotidien, une application mobile est un outil d\u2019interaction efficace avec votre client\u00e8le. Elle permet notamment de fid\u00e9liser votre communaut\u00e9 tout en vous d\u00e9marquant.<b>Infog\u00e9rance &amp; bases de donn\u00e9es<br><\/b>Nos services d\u2019infog\u00e9rance vous permettent d\u2019externaliser certains syst\u00e8mes d\u2019information dans des centres d\u2019h\u00e9bergement haute disponibilit\u00e9, via nos audits d\u2019optimisation et de cybers\u00e9curit\u00e9. Nous concevons \u00e9galement des bases de donn\u00e9es adapt\u00e9es \u00e0 vos besoins et de vos projets.<b>R\u00e9f\u00e9rencement de sites web (SEO)<br><\/b>Le r\u00e9f\u00e9rencement de votre site sur les moteurs de recherche vous offre une visibilit\u00e9 optimale pour vos clients. Il permet de cibler la bonne audience, tout en identifiant les sources de traffic les plus performantes.<\/p>\t\t\t\n\t\t<!--\/.Text-->\n\t\t\t<!--Link--> \n\t\t\t\t\t\t <a href=\"\/index.php\/contact-devis\/\" target=\"_self\" rel=\"noopener noreferrer\">\n\t\t\t\tDemander un devis\n\t\t\t<\/a>\t\n\t\t\t\t<!--\/.Link-->\n\t<!--\/.Card content-->\n\t<!--Card image-->\n\t\t\t\t<img decoding=\"async\" src=\"https:\/\/synergie.cpe.fr\/wp-content\/uploads\/2018\/10\/cables-close-up-connection-159304.jpg\" alt=\"cables-close-up-connection-159304\" itemprop=\"image\">\n\t<!--\/.Card image-->\n\t<!--Card content-->\n\t\t\t<!--Title-->\n\t\t<h4>R\u00e9seaux et t\u00e9l\u00e9coms<\/h4>\n\t\t<!--\/.Title-->\n\t\t\t<!--Text-->\n\t\t\t\t<p><b>Traitement du signal &amp; t\u00e9l\u00e9communications num\u00e9riques<br><\/b>Nous mettons \u00e0 votre disposition notre expertise en techniques de traitement (filtrage, amplification), ainsi qu\u2019en analyse et interpr\u00e9tation des signaux (notamment faibles et bruit\u00e9s).<b>R\u00e9seaux &amp; cybers\u00e9curit\u00e9<br><\/b>Prot\u00e9gez votre infrastructure et vos services des cybercriminels qui souhaitent ralentir vos applications ou intercepter vos donn\u00e9es confidentielles, via nos audits de s\u00e9curit\u00e9 r\u00e9seau. N\u2019imaginez plus votre niveau de s\u00e9curit\u00e9 mais quantifiez-le.<b>Architecture r\u00e9seau<br><\/b>Synergie vous accompagne dans la structuration de votre r\u00e9seau d\u2019entreprise via son installation et sa configuration. Que ce soit pour partager des ressources, communiquer entre \u00e9quipes ou tout simplement naviguer sur internet, notre exp\u00e9rience est garantie de r\u00e9activit\u00e9 et de professionnalisme.<\/p>\t\t\t\n\t\t<!--\/.Text-->\n\t\t\t<!--Link--> \n\t\t\t\t\t\t <a href=\"\/index.php\/contact-devis\/\" target=\"_self\" rel=\"noopener noreferrer\">\n\t\t\t\tDemander un devis\n\t\t\t<\/a>\t\n\t\t\t\t<!--\/.Link-->\n\t<!--\/.Card content-->\n\t<!--Card image-->\n\t\t\t\t<img decoding=\"async\" src=\"https:\/\/synergie.cpe.fr\/wp-content\/uploads\/2018\/10\/abstract-art-decoration-1029624.jpg\" alt=\"abstract-art-decoration-1029624\" itemprop=\"image\">\n\t<!--\/.Card image-->\n\t<!--Card content-->\n\t\t\t<!--Title-->\n\t\t<h4>Image et mod\u00e9lisation<\/h4>\n\t\t<!--\/.Title-->\n\t\t\t<!--Text-->\n\t\t\t\t<p><b>D\u00e9veloppement 3D<br><\/b>Des visites virtuelles au d\u00e9veloppement 3D dans les jeux vid\u00e9o, nous vous proposons des solutions innovantes qui dynamisent votre activit\u00e9. D\u00e9veloppez ainsi une interaction solide avec votre client\u00e8le au travers de vos applications.<b>Machine Learning<br><\/b>Le Machine Learning est la grande promesse du moment. De la pr\u00e9diction \u00e0 l\u2019optimisation, son utilisation devient omnipr\u00e9sente sur les flux de donn\u00e9es. Ouvrez votre projet \u00e0 un univers moderne, en vous d\u00e9marquant de la concurrence.<b>Analyse, mod\u00e9lisation et visualisation de donn\u00e9s graphiques<br><\/b>Gr\u00e2ce \u00e0 notre exp\u00e9rience en sciences de l\u2019imagerie, nous vous fournissons de nombreuses solutions techniques qui vous aideront \u00e0 d\u00e9velopper des mod\u00e8les de donn\u00e9es plus efficaces et plus pr\u00e9cis pour vos applications op\u00e9rationnelles et d\u00e9cisionnelles, notamment celles ex\u00e9cut\u00e9es au travers de bases de donn\u00e9es.<\/p>\t\t\t\n\t\t<!--\/.Text-->\n\t\t\t<!--Link--> \n\t\t\t\t\t\t <a href=\"\/index.php\/contact-devis\/\" target=\"_self\" rel=\"noopener noreferrer\">\n\t\t\t\tDemander un devis\n\t\t\t<\/a>\t\n\t\t\t\t<!--\/.Link-->\n\t<!--\/.Card content-->\n","protected":false},"excerpt":{"rendered":"<p>Informatique du web &amp; IoT Site vitrine &amp; web servicesLes applications web sont un outil ergonomique et adaptable pour convertir vos visiteurs en prospects. Nous utilisons toujours les technologies les plus performantes que nous pouvons fournir, afin de dynamiser vos projets.Applications mobiles iOS &amp; AndroidDans le but de faciliter le<a class=\"moretag\" href=\"https:\/\/synergie.cpe.fr\/index.php\/informatique-telecoms\/\"> Lire la suite<\/a><\/p>\n","protected":false},"author":13,"featured_media":0,"parent":0,"menu_order":0,"comment_status":"closed","ping_status":"closed","template":"page-templates\/template-fullwidth.php","meta":{"_exactmetrics_skip_tracking":false,"_exactmetrics_sitenote_active":false,"_exactmetrics_sitenote_note":"","_exactmetrics_sitenote_category":0,"_monsterinsights_skip_tracking":false,"_monsterinsights_sitenote_active":false,"_monsterinsights_sitenote_note":"","_monsterinsights_sitenote_category":0,"footnotes":""},"class_list":["post-75","page","type-page","status-publish","hentry"],"yoast_head":"<!-- This site is optimized with the Yoast SEO plugin v26.5 - https:\/\/yoast.com\/wordpress\/plugins\/seo\/ -->\n<title>Informatique et t\u00e9l\u00e9communications - Synergie CPE Lyon<\/title>\n<meta name=\"robots\" content=\"noindex, follow, max-snippet:-1, max-image-preview:large, max-video-preview:-1\" \/>\n<meta property=\"og:locale\" content=\"fr_FR\" \/>\n<meta property=\"og:type\" content=\"article\" \/>\n<meta property=\"og:title\" content=\"Informatique et t\u00e9l\u00e9communications - Synergie CPE Lyon\" \/>\n<meta property=\"og:description\" content=\"Informatique du web &amp; IoT Site vitrine &amp; web servicesLes applications web sont un outil ergonomique et adaptable pour convertir vos visiteurs en prospects. Nous utilisons toujours les technologies les plus performantes que nous pouvons fournir, afin de dynamiser vos projets.Applications mobiles iOS &amp; AndroidDans le but de faciliter le Lire la suite\" \/>\n<meta property=\"og:url\" content=\"https:\/\/synergie.cpe.fr\/index.php\/informatique-telecoms\/\" \/>\n<meta property=\"og:site_name\" content=\"Synergie CPE Lyon\" \/>\n<meta property=\"article:modified_time\" content=\"2021-10-19T16:26:30+00:00\" \/>\n<meta property=\"og:image\" content=\"https:\/\/synergie.cpe.fr\/wp-content\/uploads\/2018\/10\/blurred-background-close-up-coffee-cup-908284.jpg\" \/>\n<meta name=\"twitter:card\" content=\"summary_large_image\" \/>\n<meta name=\"twitter:label1\" content=\"Dur\u00e9e de lecture estim\u00e9e\" \/>\n\t<meta name=\"twitter:data1\" content=\"3 minutes\" \/>\n<script type=\"application\/ld+json\" class=\"yoast-schema-graph\">{\"@context\":\"https:\/\/schema.org\",\"@graph\":[{\"@type\":\"WebPage\",\"@id\":\"https:\/\/synergie.cpe.fr\/index.php\/informatique-telecoms\/\",\"url\":\"https:\/\/synergie.cpe.fr\/index.php\/informatique-telecoms\/\",\"name\":\"Informatique et t\u00e9l\u00e9communications - Synergie CPE Lyon\",\"isPartOf\":{\"@id\":\"https:\/\/synergiecpelyon.fr\/#website\"},\"primaryImageOfPage\":{\"@id\":\"https:\/\/synergie.cpe.fr\/index.php\/informatique-telecoms\/#primaryimage\"},\"image\":{\"@id\":\"https:\/\/synergie.cpe.fr\/index.php\/informatique-telecoms\/#primaryimage\"},\"thumbnailUrl\":\"https:\/\/synergie.cpe.fr\/wp-content\/uploads\/2018\/10\/blurred-background-close-up-coffee-cup-908284.jpg\",\"datePublished\":\"2018-10-05T07:35:13+00:00\",\"dateModified\":\"2021-10-19T16:26:30+00:00\",\"breadcrumb\":{\"@id\":\"https:\/\/synergie.cpe.fr\/index.php\/informatique-telecoms\/#breadcrumb\"},\"inLanguage\":\"fr-FR\",\"potentialAction\":[{\"@type\":\"ReadAction\",\"target\":[\"https:\/\/synergie.cpe.fr\/index.php\/informatique-telecoms\/\"]}]},{\"@type\":\"ImageObject\",\"inLanguage\":\"fr-FR\",\"@id\":\"https:\/\/synergie.cpe.fr\/index.php\/informatique-telecoms\/#primaryimage\",\"url\":\"https:\/\/synergie.cpe.fr\/wp-content\/uploads\/2018\/10\/blurred-background-close-up-coffee-cup-908284.jpg\",\"contentUrl\":\"https:\/\/synergie.cpe.fr\/wp-content\/uploads\/2018\/10\/blurred-background-close-up-coffee-cup-908284.jpg\",\"width\":2500,\"height\":415,\"caption\":\"data processing\"},{\"@type\":\"BreadcrumbList\",\"@id\":\"https:\/\/synergie.cpe.fr\/index.php\/informatique-telecoms\/#breadcrumb\",\"itemListElement\":[{\"@type\":\"ListItem\",\"position\":1,\"name\":\"Accueil\",\"item\":\"https:\/\/synergiecpelyon.fr\/\"},{\"@type\":\"ListItem\",\"position\":2,\"name\":\"Informatique et t\u00e9l\u00e9communications\"}]},{\"@type\":\"WebSite\",\"@id\":\"https:\/\/synergiecpelyon.fr\/#website\",\"url\":\"https:\/\/synergiecpelyon.fr\/\",\"name\":\"Synergie CPE Lyon\",\"description\":\"\",\"publisher\":{\"@id\":\"https:\/\/synergiecpelyon.fr\/#organization\"},\"potentialAction\":[{\"@type\":\"SearchAction\",\"target\":{\"@type\":\"EntryPoint\",\"urlTemplate\":\"https:\/\/synergiecpelyon.fr\/?s={search_term_string}\"},\"query-input\":{\"@type\":\"PropertyValueSpecification\",\"valueRequired\":true,\"valueName\":\"search_term_string\"}}],\"inLanguage\":\"fr-FR\"},{\"@type\":\"Organization\",\"@id\":\"https:\/\/synergiecpelyon.fr\/#organization\",\"name\":\"Synergie CPE Lyon\",\"url\":\"https:\/\/synergiecpelyon.fr\/\",\"logo\":{\"@type\":\"ImageObject\",\"inLanguage\":\"fr-FR\",\"@id\":\"https:\/\/synergiecpelyon.fr\/#\/schema\/logo\/image\/\",\"url\":\"https:\/\/synergie.cpe.fr\/wp-content\/uploads\/2024\/11\/cropped-cropped-Logo-Synergie-sans-fond.png\",\"contentUrl\":\"https:\/\/synergie.cpe.fr\/wp-content\/uploads\/2024\/11\/cropped-cropped-Logo-Synergie-sans-fond.png\",\"width\":1563,\"height\":758,\"caption\":\"Synergie CPE Lyon\"},\"image\":{\"@id\":\"https:\/\/synergiecpelyon.fr\/#\/schema\/logo\/image\/\"}}]}<\/script>\n<!-- \/ Yoast SEO plugin. -->","yoast_head_json":{"title":"Informatique et t\u00e9l\u00e9communications - Synergie CPE Lyon","robots":{"index":"noindex","follow":"follow","max-snippet":"max-snippet:-1","max-image-preview":"max-image-preview:large","max-video-preview":"max-video-preview:-1"},"og_locale":"fr_FR","og_type":"article","og_title":"Informatique et t\u00e9l\u00e9communications - Synergie CPE Lyon","og_description":"Informatique du web &amp; IoT Site vitrine &amp; web servicesLes applications web sont un outil ergonomique et adaptable pour convertir vos visiteurs en prospects. Nous utilisons toujours les technologies les plus performantes que nous pouvons fournir, afin de dynamiser vos projets.Applications mobiles iOS &amp; AndroidDans le but de faciliter le Lire la suite","og_url":"https:\/\/synergie.cpe.fr\/index.php\/informatique-telecoms\/","og_site_name":"Synergie CPE Lyon","article_modified_time":"2021-10-19T16:26:30+00:00","og_image":[{"url":"https:\/\/synergie.cpe.fr\/wp-content\/uploads\/2018\/10\/blurred-background-close-up-coffee-cup-908284.jpg","type":"","width":"","height":""}],"twitter_card":"summary_large_image","twitter_misc":{"Dur\u00e9e de lecture estim\u00e9e":"3 minutes"},"schema":{"@context":"https:\/\/schema.org","@graph":[{"@type":"WebPage","@id":"https:\/\/synergie.cpe.fr\/index.php\/informatique-telecoms\/","url":"https:\/\/synergie.cpe.fr\/index.php\/informatique-telecoms\/","name":"Informatique et t\u00e9l\u00e9communications - Synergie CPE Lyon","isPartOf":{"@id":"https:\/\/synergiecpelyon.fr\/#website"},"primaryImageOfPage":{"@id":"https:\/\/synergie.cpe.fr\/index.php\/informatique-telecoms\/#primaryimage"},"image":{"@id":"https:\/\/synergie.cpe.fr\/index.php\/informatique-telecoms\/#primaryimage"},"thumbnailUrl":"https:\/\/synergie.cpe.fr\/wp-content\/uploads\/2018\/10\/blurred-background-close-up-coffee-cup-908284.jpg","datePublished":"2018-10-05T07:35:13+00:00","dateModified":"2021-10-19T16:26:30+00:00","breadcrumb":{"@id":"https:\/\/synergie.cpe.fr\/index.php\/informatique-telecoms\/#breadcrumb"},"inLanguage":"fr-FR","potentialAction":[{"@type":"ReadAction","target":["https:\/\/synergie.cpe.fr\/index.php\/informatique-telecoms\/"]}]},{"@type":"ImageObject","inLanguage":"fr-FR","@id":"https:\/\/synergie.cpe.fr\/index.php\/informatique-telecoms\/#primaryimage","url":"https:\/\/synergie.cpe.fr\/wp-content\/uploads\/2018\/10\/blurred-background-close-up-coffee-cup-908284.jpg","contentUrl":"https:\/\/synergie.cpe.fr\/wp-content\/uploads\/2018\/10\/blurred-background-close-up-coffee-cup-908284.jpg","width":2500,"height":415,"caption":"data processing"},{"@type":"BreadcrumbList","@id":"https:\/\/synergie.cpe.fr\/index.php\/informatique-telecoms\/#breadcrumb","itemListElement":[{"@type":"ListItem","position":1,"name":"Accueil","item":"https:\/\/synergiecpelyon.fr\/"},{"@type":"ListItem","position":2,"name":"Informatique et t\u00e9l\u00e9communications"}]},{"@type":"WebSite","@id":"https:\/\/synergiecpelyon.fr\/#website","url":"https:\/\/synergiecpelyon.fr\/","name":"Synergie CPE Lyon","description":"","publisher":{"@id":"https:\/\/synergiecpelyon.fr\/#organization"},"potentialAction":[{"@type":"SearchAction","target":{"@type":"EntryPoint","urlTemplate":"https:\/\/synergiecpelyon.fr\/?s={search_term_string}"},"query-input":{"@type":"PropertyValueSpecification","valueRequired":true,"valueName":"search_term_string"}}],"inLanguage":"fr-FR"},{"@type":"Organization","@id":"https:\/\/synergiecpelyon.fr\/#organization","name":"Synergie CPE Lyon","url":"https:\/\/synergiecpelyon.fr\/","logo":{"@type":"ImageObject","inLanguage":"fr-FR","@id":"https:\/\/synergiecpelyon.fr\/#\/schema\/logo\/image\/","url":"https:\/\/synergie.cpe.fr\/wp-content\/uploads\/2024\/11\/cropped-cropped-Logo-Synergie-sans-fond.png","contentUrl":"https:\/\/synergie.cpe.fr\/wp-content\/uploads\/2024\/11\/cropped-cropped-Logo-Synergie-sans-fond.png","width":1563,"height":758,"caption":"Synergie CPE Lyon"},"image":{"@id":"https:\/\/synergiecpelyon.fr\/#\/schema\/logo\/image\/"}}]}},"_links":{"self":[{"href":"https:\/\/synergie.cpe.fr\/index.php\/wp-json\/wp\/v2\/pages\/75","targetHints":{"allow":["GET"]}}],"collection":[{"href":"https:\/\/synergie.cpe.fr\/index.php\/wp-json\/wp\/v2\/pages"}],"about":[{"href":"https:\/\/synergie.cpe.fr\/index.php\/wp-json\/wp\/v2\/types\/page"}],"author":[{"embeddable":true,"href":"https:\/\/synergie.cpe.fr\/index.php\/wp-json\/wp\/v2\/users\/13"}],"replies":[{"embeddable":true,"href":"https:\/\/synergie.cpe.fr\/index.php\/wp-json\/wp\/v2\/comments?post=75"}],"version-history":[{"count":7,"href":"https:\/\/synergie.cpe.fr\/index.php\/wp-json\/wp\/v2\/pages\/75\/revisions"}],"predecessor-version":[{"id":675,"href":"https:\/\/synergie.cpe.fr\/index.php\/wp-json\/wp\/v2\/pages\/75\/revisions\/675"}],"wp:attachment":[{"href":"https:\/\/synergie.cpe.fr\/index.php\/wp-json\/wp\/v2\/media?parent=75"}],"curies":[{"name":"wp","href":"https:\/\/api.w.org\/{rel}","templated":true}]}}