{"id":77,"date":"2018-10-05T09:35:31","date_gmt":"2018-10-05T07:35:31","guid":{"rendered":"http:\/\/localhost\/CPE\/Synergie\/?page_id=77"},"modified":"2018-10-25T08:13:46","modified_gmt":"2018-10-25T06:13:46","slug":"electronique-embsys","status":"publish","type":"page","link":"https:\/\/synergie.cpe.fr\/index.php\/electronique-embsys\/","title":{"rendered":"Electronique et syst\u00e8mes embarqu\u00e9s"},"content":{"rendered":"<p>\t<!--Card image--><br \/>\n\t\t\t\t<img decoding=\"async\" src=\"https:\/\/synergie.cpe.fr\/wp-content\/uploads\/2018\/10\/chips-circuit-board-computer-4316.jpg\" alt=\"chips-circuit-board-computer-4316\" itemprop=\"image\"  \/><br \/>\n\t<!--\/.Card image--><br \/>\n\t<!--Card content--><br \/>\n\t\t\t<!--Title--><\/p>\n<h4>Ing\u00e9nierie des syst\u00e8mes embarqu\u00e9s<\/h4>\n<p>\t\t<!--\/.Title--><br \/>\n\t\t\t<!--Text--><\/p>\n<p><b>Conception de syst\u00e8me mat\u00e9riel &amp; prototypage<br \/><\/b>Nous concevons des projets sur mesure et assurons la programmation, l\u2019assemblage, le test et le contr\u00f4le qualit\u00e9 des cartes r\u00e9alis\u00e9es, notamment en syst\u00e8mes analogiques (amplifications, comparaisons) et num\u00e9riques. Futurs ing\u00e9nieurs dipl\u00f4m\u00e9s en technologies \u00e9lectroniques, nous trouvons les solutions innovantes adapt\u00e9es \u00e0 votre budget.<\/p>\n<p><b>Syst\u00e8mes embarqu\u00e9s (microcontr\u00f4leur, FPGA, \u2026)<br \/><\/b>Les syst\u00e8mes embarqu\u00e9s sont omnipr\u00e9sents dans notre vie de tous les jours. C\u2019est pourquoi nous vous concevons vos projets de synth\u00e8se VHDL, implantation sur FPGA et DSP, programmation en langage Assembleur, ainsi que de nombreux circuits et syst\u00e8mes int\u00e9gr\u00e9s (syst\u00e8me d\u2019exploitation, r\u00e9seaux).<\/p>\n<p>\t\t<!--\/.Text--><br \/>\n\t\t\t<!--Link--><br \/>\n\t\t\t\t\t\t <a href=\"\/index.php\/contact-devis\/\" target=\"_self\"><br \/>\n\t\t\t\tDemander un devis<br \/>\n\t\t\t<\/a><br \/>\n\t\t\t\t<!--\/.Link--><br \/>\n\t<!--\/.Card content--><br \/>\n\t<!--Card image--><br \/>\n\t\t\t\t<img decoding=\"async\" src=\"https:\/\/synergie.cpe.fr\/wp-content\/uploads\/2018\/10\/cables-close-up-computer-257736-2.jpg\" alt=\"cables-close-up-computer-257736-2\" itemprop=\"image\"  \/><br \/>\n\t<!--\/.Card image--><br \/>\n\t<!--Card content--><br \/>\n\t\t\t<!--Title--><\/p>\n<h4>Robotique et int\u00e9gration des syst\u00e8mes embarqu\u00e9s<\/h4>\n<p>\t\t<!--\/.Title--><br \/>\n\t\t\t<!--Text--><\/p>\n<ul>\n<li>Programmation robot (ROS)<\/li>\n<li>T\u00e9l\u00e9communication &amp; Architecture r\u00e9seau<\/li>\n<li>S\u00e9curisation des \u00e9l\u00e9ments d\u2019un r\u00e9seau<\/li>\n<\/ul>\n<p>\t\t<!--\/.Text--><br \/>\n\t\t\t<!--Link--><br \/>\n\t\t\t\t\t\t <a href=\"\/index.php\/contact-devis\/\" target=\"_self\"><br \/>\n\t\t\t\tDemander un devis<br \/>\n\t\t\t<\/a><br \/>\n\t\t\t\t<!--\/.Link--><br \/>\n\t<!--\/.Card content--><\/p>\n","protected":false},"excerpt":{"rendered":"<p>Ing\u00e9nierie des syst\u00e8mes embarqu\u00e9s Conception de syst\u00e8me mat\u00e9riel &amp; prototypageNous concevons des projets sur mesure et assurons la programmation, l\u2019assemblage, le test et le contr\u00f4le qualit\u00e9 des cartes r\u00e9alis\u00e9es, notamment en syst\u00e8mes analogiques (amplifications, comparaisons) et num\u00e9riques. Futurs ing\u00e9nieurs dipl\u00f4m\u00e9s en technologies \u00e9lectroniques, nous trouvons les solutions innovantes adapt\u00e9es \u00e0<a class=\"moretag\" href=\"https:\/\/synergie.cpe.fr\/index.php\/electronique-embsys\/\"> Lire la suite<\/a><\/p>\n","protected":false},"author":13,"featured_media":0,"parent":0,"menu_order":0,"comment_status":"closed","ping_status":"closed","template":"page-templates\/template-fullwidth.php","meta":{"_exactmetrics_skip_tracking":false,"_exactmetrics_sitenote_active":false,"_exactmetrics_sitenote_note":"","_exactmetrics_sitenote_category":0,"_monsterinsights_skip_tracking":false,"_monsterinsights_sitenote_active":false,"_monsterinsights_sitenote_note":"","_monsterinsights_sitenote_category":0,"footnotes":""},"class_list":["post-77","page","type-page","status-publish","hentry"],"yoast_head":"<!-- This site is optimized with the Yoast SEO plugin v26.5 - https:\/\/yoast.com\/wordpress\/plugins\/seo\/ -->\n<title>Electronique et syst\u00e8mes embarqu\u00e9s - Synergie CPE Lyon<\/title>\n<meta name=\"robots\" content=\"noindex, follow, max-snippet:-1, max-image-preview:large, max-video-preview:-1\" \/>\n<meta property=\"og:locale\" content=\"fr_FR\" \/>\n<meta property=\"og:type\" content=\"article\" \/>\n<meta property=\"og:title\" content=\"Electronique et syst\u00e8mes embarqu\u00e9s - Synergie CPE Lyon\" \/>\n<meta property=\"og:description\" content=\"Ing\u00e9nierie des syst\u00e8mes embarqu\u00e9s Conception de syst\u00e8me mat\u00e9riel &amp; prototypageNous concevons des projets sur mesure et assurons la programmation, l\u2019assemblage, le test et le contr\u00f4le qualit\u00e9 des cartes r\u00e9alis\u00e9es, notamment en syst\u00e8mes analogiques (amplifications, comparaisons) et num\u00e9riques. Futurs ing\u00e9nieurs dipl\u00f4m\u00e9s en technologies \u00e9lectroniques, nous trouvons les solutions innovantes adapt\u00e9es \u00e0 Lire la suite\" \/>\n<meta property=\"og:url\" content=\"https:\/\/synergie.cpe.fr\/index.php\/electronique-embsys\/\" \/>\n<meta property=\"og:site_name\" content=\"Synergie CPE Lyon\" \/>\n<meta property=\"article:modified_time\" content=\"2018-10-25T06:13:46+00:00\" \/>\n<meta property=\"og:image\" content=\"https:\/\/synergie.cpe.fr\/wp-content\/uploads\/2018\/10\/chips-circuit-board-computer-4316.jpg\" \/>\n<meta name=\"twitter:card\" content=\"summary_large_image\" \/>\n<meta name=\"twitter:label1\" content=\"Dur\u00e9e de lecture estim\u00e9e\" \/>\n\t<meta name=\"twitter:data1\" content=\"1 minute\" \/>\n<script type=\"application\/ld+json\" class=\"yoast-schema-graph\">{\"@context\":\"https:\/\/schema.org\",\"@graph\":[{\"@type\":\"WebPage\",\"@id\":\"https:\/\/synergie.cpe.fr\/index.php\/electronique-embsys\/\",\"url\":\"https:\/\/synergie.cpe.fr\/index.php\/electronique-embsys\/\",\"name\":\"Electronique et syst\u00e8mes embarqu\u00e9s - Synergie CPE Lyon\",\"isPartOf\":{\"@id\":\"https:\/\/synergiecpelyon.fr\/#website\"},\"primaryImageOfPage\":{\"@id\":\"https:\/\/synergie.cpe.fr\/index.php\/electronique-embsys\/#primaryimage\"},\"image\":{\"@id\":\"https:\/\/synergie.cpe.fr\/index.php\/electronique-embsys\/#primaryimage\"},\"thumbnailUrl\":\"https:\/\/synergie.cpe.fr\/wp-content\/uploads\/2018\/10\/chips-circuit-board-computer-4316.jpg\",\"datePublished\":\"2018-10-05T07:35:31+00:00\",\"dateModified\":\"2018-10-25T06:13:46+00:00\",\"breadcrumb\":{\"@id\":\"https:\/\/synergie.cpe.fr\/index.php\/electronique-embsys\/#breadcrumb\"},\"inLanguage\":\"fr-FR\",\"potentialAction\":[{\"@type\":\"ReadAction\",\"target\":[\"https:\/\/synergie.cpe.fr\/index.php\/electronique-embsys\/\"]}]},{\"@type\":\"ImageObject\",\"inLanguage\":\"fr-FR\",\"@id\":\"https:\/\/synergie.cpe.fr\/index.php\/electronique-embsys\/#primaryimage\",\"url\":\"https:\/\/synergie.cpe.fr\/wp-content\/uploads\/2018\/10\/chips-circuit-board-computer-4316.jpg\",\"contentUrl\":\"https:\/\/synergie.cpe.fr\/wp-content\/uploads\/2018\/10\/chips-circuit-board-computer-4316.jpg\",\"width\":3600,\"height\":601,\"caption\":\"electronic\"},{\"@type\":\"BreadcrumbList\",\"@id\":\"https:\/\/synergie.cpe.fr\/index.php\/electronique-embsys\/#breadcrumb\",\"itemListElement\":[{\"@type\":\"ListItem\",\"position\":1,\"name\":\"Accueil\",\"item\":\"https:\/\/synergiecpelyon.fr\/\"},{\"@type\":\"ListItem\",\"position\":2,\"name\":\"Electronique et syst\u00e8mes embarqu\u00e9s\"}]},{\"@type\":\"WebSite\",\"@id\":\"https:\/\/synergiecpelyon.fr\/#website\",\"url\":\"https:\/\/synergiecpelyon.fr\/\",\"name\":\"Synergie CPE Lyon\",\"description\":\"\",\"publisher\":{\"@id\":\"https:\/\/synergiecpelyon.fr\/#organization\"},\"potentialAction\":[{\"@type\":\"SearchAction\",\"target\":{\"@type\":\"EntryPoint\",\"urlTemplate\":\"https:\/\/synergiecpelyon.fr\/?s={search_term_string}\"},\"query-input\":{\"@type\":\"PropertyValueSpecification\",\"valueRequired\":true,\"valueName\":\"search_term_string\"}}],\"inLanguage\":\"fr-FR\"},{\"@type\":\"Organization\",\"@id\":\"https:\/\/synergiecpelyon.fr\/#organization\",\"name\":\"Synergie CPE Lyon\",\"url\":\"https:\/\/synergiecpelyon.fr\/\",\"logo\":{\"@type\":\"ImageObject\",\"inLanguage\":\"fr-FR\",\"@id\":\"https:\/\/synergiecpelyon.fr\/#\/schema\/logo\/image\/\",\"url\":\"https:\/\/synergie.cpe.fr\/wp-content\/uploads\/2024\/11\/cropped-cropped-Logo-Synergie-sans-fond.png\",\"contentUrl\":\"https:\/\/synergie.cpe.fr\/wp-content\/uploads\/2024\/11\/cropped-cropped-Logo-Synergie-sans-fond.png\",\"width\":1563,\"height\":758,\"caption\":\"Synergie CPE Lyon\"},\"image\":{\"@id\":\"https:\/\/synergiecpelyon.fr\/#\/schema\/logo\/image\/\"}}]}<\/script>\n<!-- \/ Yoast SEO plugin. -->","yoast_head_json":{"title":"Electronique et syst\u00e8mes embarqu\u00e9s - Synergie CPE Lyon","robots":{"index":"noindex","follow":"follow","max-snippet":"max-snippet:-1","max-image-preview":"max-image-preview:large","max-video-preview":"max-video-preview:-1"},"og_locale":"fr_FR","og_type":"article","og_title":"Electronique et syst\u00e8mes embarqu\u00e9s - Synergie CPE Lyon","og_description":"Ing\u00e9nierie des syst\u00e8mes embarqu\u00e9s Conception de syst\u00e8me mat\u00e9riel &amp; prototypageNous concevons des projets sur mesure et assurons la programmation, l\u2019assemblage, le test et le contr\u00f4le qualit\u00e9 des cartes r\u00e9alis\u00e9es, notamment en syst\u00e8mes analogiques (amplifications, comparaisons) et num\u00e9riques. Futurs ing\u00e9nieurs dipl\u00f4m\u00e9s en technologies \u00e9lectroniques, nous trouvons les solutions innovantes adapt\u00e9es \u00e0 Lire la suite","og_url":"https:\/\/synergie.cpe.fr\/index.php\/electronique-embsys\/","og_site_name":"Synergie CPE Lyon","article_modified_time":"2018-10-25T06:13:46+00:00","og_image":[{"url":"https:\/\/synergie.cpe.fr\/wp-content\/uploads\/2018\/10\/chips-circuit-board-computer-4316.jpg","type":"","width":"","height":""}],"twitter_card":"summary_large_image","twitter_misc":{"Dur\u00e9e de lecture estim\u00e9e":"1 minute"},"schema":{"@context":"https:\/\/schema.org","@graph":[{"@type":"WebPage","@id":"https:\/\/synergie.cpe.fr\/index.php\/electronique-embsys\/","url":"https:\/\/synergie.cpe.fr\/index.php\/electronique-embsys\/","name":"Electronique et syst\u00e8mes embarqu\u00e9s - Synergie CPE Lyon","isPartOf":{"@id":"https:\/\/synergiecpelyon.fr\/#website"},"primaryImageOfPage":{"@id":"https:\/\/synergie.cpe.fr\/index.php\/electronique-embsys\/#primaryimage"},"image":{"@id":"https:\/\/synergie.cpe.fr\/index.php\/electronique-embsys\/#primaryimage"},"thumbnailUrl":"https:\/\/synergie.cpe.fr\/wp-content\/uploads\/2018\/10\/chips-circuit-board-computer-4316.jpg","datePublished":"2018-10-05T07:35:31+00:00","dateModified":"2018-10-25T06:13:46+00:00","breadcrumb":{"@id":"https:\/\/synergie.cpe.fr\/index.php\/electronique-embsys\/#breadcrumb"},"inLanguage":"fr-FR","potentialAction":[{"@type":"ReadAction","target":["https:\/\/synergie.cpe.fr\/index.php\/electronique-embsys\/"]}]},{"@type":"ImageObject","inLanguage":"fr-FR","@id":"https:\/\/synergie.cpe.fr\/index.php\/electronique-embsys\/#primaryimage","url":"https:\/\/synergie.cpe.fr\/wp-content\/uploads\/2018\/10\/chips-circuit-board-computer-4316.jpg","contentUrl":"https:\/\/synergie.cpe.fr\/wp-content\/uploads\/2018\/10\/chips-circuit-board-computer-4316.jpg","width":3600,"height":601,"caption":"electronic"},{"@type":"BreadcrumbList","@id":"https:\/\/synergie.cpe.fr\/index.php\/electronique-embsys\/#breadcrumb","itemListElement":[{"@type":"ListItem","position":1,"name":"Accueil","item":"https:\/\/synergiecpelyon.fr\/"},{"@type":"ListItem","position":2,"name":"Electronique et syst\u00e8mes embarqu\u00e9s"}]},{"@type":"WebSite","@id":"https:\/\/synergiecpelyon.fr\/#website","url":"https:\/\/synergiecpelyon.fr\/","name":"Synergie CPE Lyon","description":"","publisher":{"@id":"https:\/\/synergiecpelyon.fr\/#organization"},"potentialAction":[{"@type":"SearchAction","target":{"@type":"EntryPoint","urlTemplate":"https:\/\/synergiecpelyon.fr\/?s={search_term_string}"},"query-input":{"@type":"PropertyValueSpecification","valueRequired":true,"valueName":"search_term_string"}}],"inLanguage":"fr-FR"},{"@type":"Organization","@id":"https:\/\/synergiecpelyon.fr\/#organization","name":"Synergie CPE Lyon","url":"https:\/\/synergiecpelyon.fr\/","logo":{"@type":"ImageObject","inLanguage":"fr-FR","@id":"https:\/\/synergiecpelyon.fr\/#\/schema\/logo\/image\/","url":"https:\/\/synergie.cpe.fr\/wp-content\/uploads\/2024\/11\/cropped-cropped-Logo-Synergie-sans-fond.png","contentUrl":"https:\/\/synergie.cpe.fr\/wp-content\/uploads\/2024\/11\/cropped-cropped-Logo-Synergie-sans-fond.png","width":1563,"height":758,"caption":"Synergie CPE Lyon"},"image":{"@id":"https:\/\/synergiecpelyon.fr\/#\/schema\/logo\/image\/"}}]}},"_links":{"self":[{"href":"https:\/\/synergie.cpe.fr\/index.php\/wp-json\/wp\/v2\/pages\/77","targetHints":{"allow":["GET"]}}],"collection":[{"href":"https:\/\/synergie.cpe.fr\/index.php\/wp-json\/wp\/v2\/pages"}],"about":[{"href":"https:\/\/synergie.cpe.fr\/index.php\/wp-json\/wp\/v2\/types\/page"}],"author":[{"embeddable":true,"href":"https:\/\/synergie.cpe.fr\/index.php\/wp-json\/wp\/v2\/users\/13"}],"replies":[{"embeddable":true,"href":"https:\/\/synergie.cpe.fr\/index.php\/wp-json\/wp\/v2\/comments?post=77"}],"version-history":[{"count":4,"href":"https:\/\/synergie.cpe.fr\/index.php\/wp-json\/wp\/v2\/pages\/77\/revisions"}],"predecessor-version":[{"id":414,"href":"https:\/\/synergie.cpe.fr\/index.php\/wp-json\/wp\/v2\/pages\/77\/revisions\/414"}],"wp:attachment":[{"href":"https:\/\/synergie.cpe.fr\/index.php\/wp-json\/wp\/v2\/media?parent=77"}],"curies":[{"name":"wp","href":"https:\/\/api.w.org\/{rel}","templated":true}]}}