{"id":8,"date":"2017-09-13T20:44:09","date_gmt":"2017-09-13T18:44:09","guid":{"rendered":"https:\/\/synergie.cpe.fr\/?page_id=8"},"modified":"2025-12-17T17:59:57","modified_gmt":"2025-12-17T16:59:57","slug":"accueil","status":"publish","type":"page","link":"https:\/\/synergie.cpe.fr\/","title":{"rendered":"Accueil"},"content":{"rendered":"\n<h2>\n\t\t\tCPE Lyon | \u00c9cole d&rsquo;Ing\u00e9nieur\t<\/h2>\n<h2>\n\t\t\ten Chimie et Sciences du Num\u00e9rique\t<\/h2>\n\t<h4><strong>Notre mission<\/strong> :<\/h4>\n\t<h6><strong>Former des Ing\u00e9nieurs sp\u00e9cialistes en Chimie G\u00e9nie des Proc\u00e9d\u00e9s et en Sciences du Num\u00e9rique et leur faire<\/strong><strong> d\u00e9velopper des comp\u00e9tences pour favoriser leur transfert au sein des organisations<\/strong><\/h6>\n\t<h5><strong>Sciences du Num\u00e9rique<\/strong><\/h5>\n<p>Les avanc\u00e9es num\u00e9riques transforment notre quotidien: Syst\u00e8mes Intelligents, Objets Connect\u00e9s, Intelligence Artificielle, Big Data, et 5G ne sont plus de simples concepts, mais des technologies au c\u0153ur de l&rsquo;innovation. Gr\u00e2ce \u00e0 ces outils, nous fa\u00e7onnons un monde toujours plus connect\u00e9, performant et ax\u00e9 sur l&rsquo;avenir.<\/p>\n\t<h5><strong>Chimie G\u00e9nie des Proc\u00e9d\u00e9s<\/strong><\/h5>\n<p>La chimie moderne d\u00e9passe la simple cr\u00e9ation de mol\u00e9cules : elle englobe la conception de mat\u00e9riaux, l&rsquo;optimisation des proc\u00e9d\u00e9s industriels, et le respect des enjeux environnementaux. Les ing\u00e9nieurs chimistes de CPE Lyon sont form\u00e9s pour relever ces d\u00e9fis, depuis le laboratoire jusqu&rsquo;\u00e0 l&rsquo;\u00e9chelle industrielle, en alliant innovation, durabilit\u00e9 et impact positif sur la soci\u00e9t\u00e9.<\/p>\n<h2>\n\t\t\tNos Prestations\t<\/h2>\n\t<h4>Chimie<\/h4>\n\t<strong>Analyse de produits<br \/>\n<\/strong>\n<ul>\n<li>\n<ul>\n<li>Dosage, composition et analyses de traces<\/li>\n<li>Spectroscopie : Fluorescence X, IR, RMN,<br \/>\npropri\u00e9t\u00e9s physico-chimiques, chromatographies&#8230;.<\/li>\n<\/ul>\n<\/li>\n<\/ul>\n<p><strong>Formulation<\/strong><\/p>\n<strong>Recherches bibliographiques<br \/>\n<\/strong>\n<ul>\n<li>\n<ul>\n<li>Vulgarisation<\/li>\n<li>Traduction<\/li>\n<\/ul>\n<\/li>\n<\/ul>\n\t\t\t\t<img decoding=\"async\" src=\"https:\/\/synergie.cpe.fr\/wp-content\/uploads\/2024\/11\/Chimie-Orga-Square.jpg\" alt=\"Chimie Orga\" itemprop=\"image\" height=\"682\" width=\"682\" title=\"Chimie Orga\" onerror=\"this.style.display='none'\" loading=\"lazy\" \/>\n\t<h4>Informatique<\/h4>\n\t<p><strong>D\u00e9veloppement Web et Applications<\/strong><\/p>\n<ul>\n<li>\n<ul>\n<li>Cr\u00e9ation\/Refonte de site WEB (HTML, CSS,\u00a0 JavaScript, PHP, React)<\/li>\n<li>Applications Mobiles (d\u00e9veloppement natif ou multiplateforme)<\/li>\n<li>Bases de Donn\u00e9es (PostgreSQL, MySQL)<\/li>\n<\/ul>\n<\/li>\n<\/ul>\n<p><strong>Programmation et Logiciels<\/strong><\/p>\n<ul>\n<li>\n<ul>\n<li>Programmation Multilangage (C, Java, Python)<\/li>\n<li>D\u00e9veloppement d&rsquo;outils logiciels personnalis\u00e9s<\/li>\n<\/ul>\n<\/li>\n<\/ul>\n<p><strong>R\u00e9seaux et Syst\u00e8mes<\/strong><\/p>\n<ul>\n<li>\n<ul>\n<li>Conception et Administration R\u00e9seau (LAN, c\u00e2blage, switchs, routeurs, firewalls&#8230;)<\/li>\n<li>Administration Syst\u00e8mes\u00a0 (configuration, maintenance et supervision&#8230;)<\/li>\n<\/ul>\n<\/li>\n<\/ul>\n<p><strong>Cybers\u00e9curit\u00e9<\/strong><\/p>\n<ul>\n<li>\n<ul>\n<li>\u00c9valuation et gestion des risques<\/li>\n<li>Pr\u00e9vention et d\u00e9tection des intrusions et attaques<\/li>\n<\/ul>\n<\/li>\n<\/ul>\n\t\t\t\t<img decoding=\"async\" src=\"https:\/\/lite.demos.wpbeaverbuilder.com\/wp-content\/uploads\/sites\/28\/2020\/02\/headway-5QgIuuBxKwM-unsplash-768x768-1.jpg\" alt=\"BrainPratique\" itemprop=\"image\" title=\"BrainPratique\" onerror=\"this.style.display='none'\" loading=\"lazy\" \/>\n\t<h4>\u00c9lectronique<\/h4>\n\t<p><strong>Conception et Maquettage \u00e9lectronique<\/strong><\/p>\n<ul>\n<li>\n<ul>\n<li>Conditionnement basse fr\u00e9quence<\/li>\n<\/ul>\n<\/li>\n<\/ul>\n<p><strong>Syst\u00e8mes embarqu\u00e9s<\/strong><\/p>\n<ul>\n<li>\n<ul>\n<li>Capteurs<\/li>\n<\/ul>\n<\/li>\n<\/ul>\n<p><strong>Robotique<\/strong><\/p>\n\t\t\t\t<img decoding=\"async\" src=\"https:\/\/synergie.cpe.fr\/wp-content\/uploads\/2024\/11\/Electronique.jpg\" alt=\"Electronique\" itemprop=\"image\" height=\"900\" width=\"1200\" title=\"Electronique\" onerror=\"this.style.display='none'\" loading=\"lazy\" \/>\n\t\t\t\t<a href=\"https:\/\/synergie.cpe.fr\/wp-content\/uploads\/2024\/12\/Plaquette-1.png\"  target=\"_self\" itemprop=\"url\">\n\t\t\t\t<img decoding=\"async\" src=\"https:\/\/synergie.cpe.fr\/wp-content\/uploads\/2024\/12\/Plaquette-1.png\" alt=\"Plaquette (1)\" itemprop=\"image\" height=\"1414\" width=\"2000\" title=\"Plaquette (1)\" onerror=\"this.style.display='none'\" loading=\"lazy\" \/>\n\t\t\t\t<\/a>\n<h2>\n\t\t\tT\u00e9l\u00e9charger notre plaquette !\t<\/h2>\n\t\t\t<a href=\"https:\/\/synergie.cpe.fr\/wp-content\/uploads\/bb-plugin\/cache\/Plaquette-1-landscape-73066dc9fec9f6a0329c22b791e8e74f-616da848caf4c.png\" download target=\"_self\">\n\t\t\t\t\t\t\tT\u00e9l\u00e9charger\n\t\t\t<\/a>\n\t\t\t\t<a href=\"https:\/\/synergie.cpe.fr\/wp-content\/uploads\/2025\/12\/Programme_formations_Synergie-1.png\"  target=\"_self\" itemprop=\"url\">\n\t\t\t\t<img decoding=\"async\" src=\"https:\/\/synergie.cpe.fr\/wp-content\/uploads\/2025\/12\/Programme_formations_Synergie-1.png\" alt=\"Programme_formations_Synergie\" itemprop=\"image\" height=\"443\" width=\"1478\" title=\"Programme_formations_Synergie\" onerror=\"this.style.display='none'\" loading=\"lazy\" \/>\n\t\t\t\t<\/a>\n<h2>\n\t\t\tProgamme des formations obligatoires\t<\/h2>\n\t\t\t<a href=\"https:\/\/synergie.cpe.fr\/wp-content\/uploads\/2025\/12\/Programme_formations_Synergie.png\" download target=\"_self\">\n\t\t\t\t\t\t\tT\u00e9l\u00e9charger\n\t\t\t<\/a>\n\n","protected":false},"excerpt":{"rendered":"<p>CPE Lyon | \u00c9cole d&rsquo;Ing\u00e9nieur en Chimie et Sciences du Num\u00e9rique Notre mission : Former des Ing\u00e9nieurs sp\u00e9cialistes en Chimie G\u00e9nie des Proc\u00e9d\u00e9s et en Sciences du Num\u00e9rique et leur faire d\u00e9velopper des comp\u00e9tences pour favoriser leur transfert au sein des organisations Sciences du Num\u00e9rique Les avanc\u00e9es num\u00e9riques transforment notre<a class=\"moretag\" href=\"https:\/\/synergie.cpe.fr\/\"> Lire la suite<\/a><\/p>\n","protected":false},"author":13,"featured_media":417,"parent":0,"menu_order":0,"comment_status":"closed","ping_status":"closed","template":"","meta":{"_exactmetrics_skip_tracking":false,"_exactmetrics_sitenote_active":false,"_exactmetrics_sitenote_note":"","_exactmetrics_sitenote_category":0,"_monsterinsights_skip_tracking":false,"_monsterinsights_sitenote_active":false,"_monsterinsights_sitenote_note":"","_monsterinsights_sitenote_category":0,"footnotes":""},"class_list":["post-8","page","type-page","status-publish","has-post-thumbnail","hentry"],"yoast_head":"<!-- This site is optimized with the Yoast SEO plugin v26.5 - https:\/\/yoast.com\/wordpress\/plugins\/seo\/ -->\n<title>Accueil - Synergie CPE Lyon<\/title>\n<meta name=\"robots\" content=\"noindex, follow, max-snippet:-1, max-image-preview:large, max-video-preview:-1\" \/>\n<meta property=\"og:locale\" content=\"fr_FR\" \/>\n<meta property=\"og:type\" content=\"article\" \/>\n<meta property=\"og:title\" content=\"Accueil - Synergie CPE Lyon\" \/>\n<meta property=\"og:description\" content=\"CPE Lyon | \u00c9cole d&rsquo;Ing\u00e9nieur en Chimie et Sciences du Num\u00e9rique Notre mission : Former des Ing\u00e9nieurs sp\u00e9cialistes en Chimie G\u00e9nie des Proc\u00e9d\u00e9s et en Sciences du Num\u00e9rique et leur faire d\u00e9velopper des comp\u00e9tences pour favoriser leur transfert au sein des organisations Sciences du Num\u00e9rique Les avanc\u00e9es num\u00e9riques transforment notre Lire la suite\" \/>\n<meta property=\"og:url\" content=\"https:\/\/synergiecpelyon.fr\/\" \/>\n<meta property=\"og:site_name\" content=\"Synergie CPE Lyon\" \/>\n<meta property=\"article:modified_time\" content=\"2025-12-17T16:59:57+00:00\" \/>\n<meta property=\"og:image\" content=\"https:\/\/synergiecpelyon.fr\/wp-content\/uploads\/2018\/10\/charts-2.jpg\" \/>\n\t<meta property=\"og:image:width\" content=\"4928\" \/>\n\t<meta property=\"og:image:height\" content=\"3264\" \/>\n\t<meta property=\"og:image:type\" content=\"image\/jpeg\" \/>\n<meta name=\"twitter:card\" content=\"summary_large_image\" \/>\n<meta name=\"twitter:label1\" content=\"Dur\u00e9e de lecture estim\u00e9e\" \/>\n\t<meta name=\"twitter:data1\" content=\"3 minutes\" \/>\n<script type=\"application\/ld+json\" class=\"yoast-schema-graph\">{\"@context\":\"https:\/\/schema.org\",\"@graph\":[{\"@type\":\"WebPage\",\"@id\":\"https:\/\/synergiecpelyon.fr\/\",\"url\":\"https:\/\/synergiecpelyon.fr\/\",\"name\":\"Accueil - Synergie CPE Lyon\",\"isPartOf\":{\"@id\":\"https:\/\/synergiecpelyon.fr\/#website\"},\"primaryImageOfPage\":{\"@id\":\"https:\/\/synergiecpelyon.fr\/#primaryimage\"},\"image\":{\"@id\":\"https:\/\/synergiecpelyon.fr\/#primaryimage\"},\"thumbnailUrl\":\"https:\/\/synergie.cpe.fr\/wp-content\/uploads\/2018\/10\/charts-2.jpg\",\"datePublished\":\"2017-09-13T18:44:09+00:00\",\"dateModified\":\"2025-12-17T16:59:57+00:00\",\"breadcrumb\":{\"@id\":\"https:\/\/synergiecpelyon.fr\/#breadcrumb\"},\"inLanguage\":\"fr-FR\",\"potentialAction\":[{\"@type\":\"ReadAction\",\"target\":[\"https:\/\/synergiecpelyon.fr\/\"]}]},{\"@type\":\"ImageObject\",\"inLanguage\":\"fr-FR\",\"@id\":\"https:\/\/synergiecpelyon.fr\/#primaryimage\",\"url\":\"https:\/\/synergie.cpe.fr\/wp-content\/uploads\/2018\/10\/charts-2.jpg\",\"contentUrl\":\"https:\/\/synergie.cpe.fr\/wp-content\/uploads\/2018\/10\/charts-2.jpg\",\"width\":4928,\"height\":3264,\"caption\":\"documents\"},{\"@type\":\"BreadcrumbList\",\"@id\":\"https:\/\/synergiecpelyon.fr\/#breadcrumb\",\"itemListElement\":[{\"@type\":\"ListItem\",\"position\":1,\"name\":\"Accueil\",\"item\":\"https:\/\/synergiecpelyon.fr\/\"},{\"@type\":\"ListItem\",\"position\":2,\"name\":\"Accueil\"}]},{\"@type\":\"WebSite\",\"@id\":\"https:\/\/synergiecpelyon.fr\/#website\",\"url\":\"https:\/\/synergiecpelyon.fr\/\",\"name\":\"Synergie CPE Lyon\",\"description\":\"\",\"publisher\":{\"@id\":\"https:\/\/synergiecpelyon.fr\/#organization\"},\"potentialAction\":[{\"@type\":\"SearchAction\",\"target\":{\"@type\":\"EntryPoint\",\"urlTemplate\":\"https:\/\/synergiecpelyon.fr\/?s={search_term_string}\"},\"query-input\":{\"@type\":\"PropertyValueSpecification\",\"valueRequired\":true,\"valueName\":\"search_term_string\"}}],\"inLanguage\":\"fr-FR\"},{\"@type\":\"Organization\",\"@id\":\"https:\/\/synergiecpelyon.fr\/#organization\",\"name\":\"Synergie CPE Lyon\",\"url\":\"https:\/\/synergiecpelyon.fr\/\",\"logo\":{\"@type\":\"ImageObject\",\"inLanguage\":\"fr-FR\",\"@id\":\"https:\/\/synergiecpelyon.fr\/#\/schema\/logo\/image\/\",\"url\":\"https:\/\/synergie.cpe.fr\/wp-content\/uploads\/2024\/11\/cropped-cropped-Logo-Synergie-sans-fond.png\",\"contentUrl\":\"https:\/\/synergie.cpe.fr\/wp-content\/uploads\/2024\/11\/cropped-cropped-Logo-Synergie-sans-fond.png\",\"width\":1563,\"height\":758,\"caption\":\"Synergie CPE Lyon\"},\"image\":{\"@id\":\"https:\/\/synergiecpelyon.fr\/#\/schema\/logo\/image\/\"}}]}<\/script>\n<!-- \/ Yoast SEO plugin. -->","yoast_head_json":{"title":"Accueil - Synergie CPE Lyon","robots":{"index":"noindex","follow":"follow","max-snippet":"max-snippet:-1","max-image-preview":"max-image-preview:large","max-video-preview":"max-video-preview:-1"},"og_locale":"fr_FR","og_type":"article","og_title":"Accueil - Synergie CPE Lyon","og_description":"CPE Lyon | \u00c9cole d&rsquo;Ing\u00e9nieur en Chimie et Sciences du Num\u00e9rique Notre mission : Former des Ing\u00e9nieurs sp\u00e9cialistes en Chimie G\u00e9nie des Proc\u00e9d\u00e9s et en Sciences du Num\u00e9rique et leur faire d\u00e9velopper des comp\u00e9tences pour favoriser leur transfert au sein des organisations Sciences du Num\u00e9rique Les avanc\u00e9es num\u00e9riques transforment notre Lire la suite","og_url":"https:\/\/synergiecpelyon.fr\/","og_site_name":"Synergie CPE Lyon","article_modified_time":"2025-12-17T16:59:57+00:00","og_image":[{"width":4928,"height":3264,"url":"https:\/\/synergiecpelyon.fr\/wp-content\/uploads\/2018\/10\/charts-2.jpg","type":"image\/jpeg"}],"twitter_card":"summary_large_image","twitter_misc":{"Dur\u00e9e de lecture estim\u00e9e":"3 minutes"},"schema":{"@context":"https:\/\/schema.org","@graph":[{"@type":"WebPage","@id":"https:\/\/synergiecpelyon.fr\/","url":"https:\/\/synergiecpelyon.fr\/","name":"Accueil - Synergie CPE Lyon","isPartOf":{"@id":"https:\/\/synergiecpelyon.fr\/#website"},"primaryImageOfPage":{"@id":"https:\/\/synergiecpelyon.fr\/#primaryimage"},"image":{"@id":"https:\/\/synergiecpelyon.fr\/#primaryimage"},"thumbnailUrl":"https:\/\/synergie.cpe.fr\/wp-content\/uploads\/2018\/10\/charts-2.jpg","datePublished":"2017-09-13T18:44:09+00:00","dateModified":"2025-12-17T16:59:57+00:00","breadcrumb":{"@id":"https:\/\/synergiecpelyon.fr\/#breadcrumb"},"inLanguage":"fr-FR","potentialAction":[{"@type":"ReadAction","target":["https:\/\/synergiecpelyon.fr\/"]}]},{"@type":"ImageObject","inLanguage":"fr-FR","@id":"https:\/\/synergiecpelyon.fr\/#primaryimage","url":"https:\/\/synergie.cpe.fr\/wp-content\/uploads\/2018\/10\/charts-2.jpg","contentUrl":"https:\/\/synergie.cpe.fr\/wp-content\/uploads\/2018\/10\/charts-2.jpg","width":4928,"height":3264,"caption":"documents"},{"@type":"BreadcrumbList","@id":"https:\/\/synergiecpelyon.fr\/#breadcrumb","itemListElement":[{"@type":"ListItem","position":1,"name":"Accueil","item":"https:\/\/synergiecpelyon.fr\/"},{"@type":"ListItem","position":2,"name":"Accueil"}]},{"@type":"WebSite","@id":"https:\/\/synergiecpelyon.fr\/#website","url":"https:\/\/synergiecpelyon.fr\/","name":"Synergie CPE Lyon","description":"","publisher":{"@id":"https:\/\/synergiecpelyon.fr\/#organization"},"potentialAction":[{"@type":"SearchAction","target":{"@type":"EntryPoint","urlTemplate":"https:\/\/synergiecpelyon.fr\/?s={search_term_string}"},"query-input":{"@type":"PropertyValueSpecification","valueRequired":true,"valueName":"search_term_string"}}],"inLanguage":"fr-FR"},{"@type":"Organization","@id":"https:\/\/synergiecpelyon.fr\/#organization","name":"Synergie CPE Lyon","url":"https:\/\/synergiecpelyon.fr\/","logo":{"@type":"ImageObject","inLanguage":"fr-FR","@id":"https:\/\/synergiecpelyon.fr\/#\/schema\/logo\/image\/","url":"https:\/\/synergie.cpe.fr\/wp-content\/uploads\/2024\/11\/cropped-cropped-Logo-Synergie-sans-fond.png","contentUrl":"https:\/\/synergie.cpe.fr\/wp-content\/uploads\/2024\/11\/cropped-cropped-Logo-Synergie-sans-fond.png","width":1563,"height":758,"caption":"Synergie CPE Lyon"},"image":{"@id":"https:\/\/synergiecpelyon.fr\/#\/schema\/logo\/image\/"}}]}},"_links":{"self":[{"href":"https:\/\/synergie.cpe.fr\/index.php\/wp-json\/wp\/v2\/pages\/8","targetHints":{"allow":["GET"]}}],"collection":[{"href":"https:\/\/synergie.cpe.fr\/index.php\/wp-json\/wp\/v2\/pages"}],"about":[{"href":"https:\/\/synergie.cpe.fr\/index.php\/wp-json\/wp\/v2\/types\/page"}],"author":[{"embeddable":true,"href":"https:\/\/synergie.cpe.fr\/index.php\/wp-json\/wp\/v2\/users\/13"}],"replies":[{"embeddable":true,"href":"https:\/\/synergie.cpe.fr\/index.php\/wp-json\/wp\/v2\/comments?post=8"}],"version-history":[{"count":11,"href":"https:\/\/synergie.cpe.fr\/index.php\/wp-json\/wp\/v2\/pages\/8\/revisions"}],"predecessor-version":[{"id":1037,"href":"https:\/\/synergie.cpe.fr\/index.php\/wp-json\/wp\/v2\/pages\/8\/revisions\/1037"}],"wp:featuredmedia":[{"embeddable":true,"href":"https:\/\/synergie.cpe.fr\/index.php\/wp-json\/wp\/v2\/media\/417"}],"wp:attachment":[{"href":"https:\/\/synergie.cpe.fr\/index.php\/wp-json\/wp\/v2\/media?parent=8"}],"curies":[{"name":"wp","href":"https:\/\/api.w.org\/{rel}","templated":true}]}}