{"id":873,"date":"2024-12-08T17:15:53","date_gmt":"2024-12-08T16:15:53","guid":{"rendered":"https:\/\/synergie.cpe.fr\/?page_id=873"},"modified":"2024-12-08T17:16:32","modified_gmt":"2024-12-08T16:16:32","slug":"nos-partenaires","status":"publish","type":"page","link":"https:\/\/synergie.cpe.fr\/index.php\/nos-partenaires\/","title":{"rendered":"Nos Partenaires"},"content":{"rendered":"\n\n\t<h2>Synergie et Partenariats<\/h2>\n\t<h6>Chez <strong>Synergie<\/strong>, nous croyons que l&rsquo;innovation na\u00eet de la collaboration. C&rsquo;est pourquoi nous avons d\u00e9velopp\u00e9 des partenariats solides avec des acteurs strat\u00e9giques de notre \u00e9cosyst\u00e8me. Ensemble, nous relevons des d\u00e9fis ambitieux et construisons des solutions durables et innovantes.<\/h6>\n\t\t\t\t<a href=\"https:\/\/www.neo2.eu\/\" target=\"_blank\" rel=\"noopener\"  itemprop=\"url\">\n\t\t\t\t<img loading=\"lazy\" decoding=\"async\" src=\"https:\/\/synergie.cpe.fr\/wp-content\/uploads\/2024\/11\/NEO2-Logo.png\" alt=\"NEO2 Logo\" itemprop=\"image\" height=\"200\" width=\"200\" title=\"NEO2 Logo\" onerror=\"this.style.display='none'\"  \/>\n\t\t\t\t<\/a>\n<h3>NEO2<\/h3>\n<p><strong>NEO2<\/strong> est une soci\u00e9t\u00e9 de conseil sp\u00e9cialiste de l&rsquo;industrie de process et des infrastructures industrielles. Fond\u00e9e en 2008, NEO2 est pr\u00e9sente dans plusieurs secteurs comme<strong> le digital<\/strong>, <strong>l&rsquo;environnement<\/strong> ou <strong>la<\/strong> <strong>sant\u00e9<\/strong>. L&rsquo;entreprise accompagne ses clients dans la <strong>gestion<\/strong> et l&rsquo;<strong>ex\u00e9cution<\/strong> de <strong>projets<\/strong>, en fournissant des solutions sur mesure et une assistance technique. Elle recrute chaque ann\u00e9e des jeunes dipl\u00f4m\u00e9s dans tous ses secteurs, et ce <strong>partout en France<\/strong>. Les agences <strong>NEO2<\/strong> sont situ\u00e9es \u00e0 Lyon, Paris, Nantes, Lille, Strasbourg, Aix-en-Provence, Bordeaux, et en Belgique.<\/p>\n<p><strong>NEO2<\/strong> est partenaire de <strong>Synergie CPE Lyon<\/strong> depuis 2024. L&rsquo;entreprise \u0153uvre pour faire monter en comp\u00e9tences les membres de <strong>Synergie<\/strong> via des workshops r\u00e9guliers.<\/p>\n\t\t\t\t<a href=\"https:\/\/junior-polyenco.fr\/\" target=\"_blank\" rel=\"noopener\"  itemprop=\"url\">\n\t\t\t\t<img loading=\"lazy\" decoding=\"async\" src=\"https:\/\/synergie.cpe.fr\/wp-content\/uploads\/2024\/11\/Polyenco-Logo.png\" alt=\"Polyenco Logo\" itemprop=\"image\" height=\"200\" width=\"200\" title=\"Polyenco Logo\" onerror=\"this.style.display='none'\"  \/>\n\t\t\t\t<\/a>\n<h3>Polyenco<\/h3>\n<p><strong>Polyenco<\/strong> (Poly Engineering Consulting) est la Junior-Entreprise de <strong>Polytech Lyon<\/strong>. Fond\u00e9e en 2007, Polyenco offre aux \u00e9tudiants l&rsquo;opportunit\u00e9 de mettre en pratique leurs connaissances th\u00e9oriques en <strong>ing\u00e9nierie<\/strong> \u00e0 travers des projets concrets pour divers clients. Polyenco intervient dans plusieurs domaines d&rsquo;expertise, notamment le <strong>biom\u00e9dical<\/strong>, la <strong>conception m\u00e9canique<\/strong> et le<strong> digital<\/strong>.<\/p>\n<p>Partenaires depuis 2023, <strong>Synergie CPE Lyon<\/strong> et <strong>Polyenco<\/strong> collaborent pour organiser des <strong>formations communes<\/strong> de leurs membres et se faire mutuellement monter en comp\u00e9tences.<\/p>\n\n","protected":false},"excerpt":{"rendered":"<p>Synergie et Partenariats Chez Synergie, nous croyons que l&rsquo;innovation na\u00eet de la collaboration. C&rsquo;est pourquoi nous avons d\u00e9velopp\u00e9 des partenariats solides avec des acteurs strat\u00e9giques de notre \u00e9cosyst\u00e8me. Ensemble, nous relevons des d\u00e9fis ambitieux et construisons des solutions durables et innovantes. NEO2 NEO2 est une soci\u00e9t\u00e9 de conseil sp\u00e9cialiste de<a class=\"moretag\" href=\"https:\/\/synergie.cpe.fr\/index.php\/nos-partenaires\/\"> Lire la suite<\/a><\/p>\n","protected":false},"author":23,"featured_media":0,"parent":0,"menu_order":0,"comment_status":"closed","ping_status":"closed","template":"","meta":{"_exactmetrics_skip_tracking":false,"_exactmetrics_sitenote_active":false,"_exactmetrics_sitenote_note":"","_exactmetrics_sitenote_category":0,"_monsterinsights_skip_tracking":false,"_monsterinsights_sitenote_active":false,"_monsterinsights_sitenote_note":"","_monsterinsights_sitenote_category":0,"footnotes":""},"class_list":["post-873","page","type-page","status-publish","hentry"],"yoast_head":"<!-- This site is optimized with the Yoast SEO plugin v26.5 - https:\/\/yoast.com\/wordpress\/plugins\/seo\/ -->\n<title>Nos Partenaires - Synergie CPE Lyon<\/title>\n<meta name=\"robots\" content=\"noindex, follow, max-snippet:-1, max-image-preview:large, max-video-preview:-1\" \/>\n<meta property=\"og:locale\" content=\"fr_FR\" \/>\n<meta property=\"og:type\" content=\"article\" \/>\n<meta property=\"og:title\" content=\"Nos Partenaires - Synergie CPE Lyon\" \/>\n<meta property=\"og:description\" content=\"Synergie et Partenariats Chez Synergie, nous croyons que l&rsquo;innovation na\u00eet de la collaboration. C&rsquo;est pourquoi nous avons d\u00e9velopp\u00e9 des partenariats solides avec des acteurs strat\u00e9giques de notre \u00e9cosyst\u00e8me. Ensemble, nous relevons des d\u00e9fis ambitieux et construisons des solutions durables et innovantes. NEO2 NEO2 est une soci\u00e9t\u00e9 de conseil sp\u00e9cialiste de Lire la suite\" \/>\n<meta property=\"og:url\" content=\"https:\/\/synergie.cpe.fr\/index.php\/nos-partenaires\/\" \/>\n<meta property=\"og:site_name\" content=\"Synergie CPE Lyon\" \/>\n<meta property=\"article:modified_time\" content=\"2024-12-08T16:16:32+00:00\" \/>\n<meta property=\"og:image\" content=\"https:\/\/synergie.cpe.fr\/wp-content\/uploads\/2024\/11\/NEO2-Logo.png\" \/>\n<meta name=\"twitter:card\" content=\"summary_large_image\" \/>\n<meta name=\"twitter:label1\" content=\"Dur\u00e9e de lecture estim\u00e9e\" \/>\n\t<meta name=\"twitter:data1\" content=\"1 minute\" \/>\n<script type=\"application\/ld+json\" class=\"yoast-schema-graph\">{\"@context\":\"https:\/\/schema.org\",\"@graph\":[{\"@type\":\"WebPage\",\"@id\":\"https:\/\/synergie.cpe.fr\/index.php\/nos-partenaires\/\",\"url\":\"https:\/\/synergie.cpe.fr\/index.php\/nos-partenaires\/\",\"name\":\"Nos Partenaires - Synergie CPE Lyon\",\"isPartOf\":{\"@id\":\"https:\/\/synergiecpelyon.fr\/#website\"},\"primaryImageOfPage\":{\"@id\":\"https:\/\/synergie.cpe.fr\/index.php\/nos-partenaires\/#primaryimage\"},\"image\":{\"@id\":\"https:\/\/synergie.cpe.fr\/index.php\/nos-partenaires\/#primaryimage\"},\"thumbnailUrl\":\"https:\/\/synergie.cpe.fr\/wp-content\/uploads\/2024\/11\/NEO2-Logo.png\",\"datePublished\":\"2024-12-08T16:15:53+00:00\",\"dateModified\":\"2024-12-08T16:16:32+00:00\",\"breadcrumb\":{\"@id\":\"https:\/\/synergie.cpe.fr\/index.php\/nos-partenaires\/#breadcrumb\"},\"inLanguage\":\"fr-FR\",\"potentialAction\":[{\"@type\":\"ReadAction\",\"target\":[\"https:\/\/synergie.cpe.fr\/index.php\/nos-partenaires\/\"]}]},{\"@type\":\"ImageObject\",\"inLanguage\":\"fr-FR\",\"@id\":\"https:\/\/synergie.cpe.fr\/index.php\/nos-partenaires\/#primaryimage\",\"url\":\"https:\/\/synergie.cpe.fr\/wp-content\/uploads\/2024\/11\/NEO2-Logo.png\",\"contentUrl\":\"https:\/\/synergie.cpe.fr\/wp-content\/uploads\/2024\/11\/NEO2-Logo.png\",\"width\":200,\"height\":200},{\"@type\":\"BreadcrumbList\",\"@id\":\"https:\/\/synergie.cpe.fr\/index.php\/nos-partenaires\/#breadcrumb\",\"itemListElement\":[{\"@type\":\"ListItem\",\"position\":1,\"name\":\"Accueil\",\"item\":\"https:\/\/synergiecpelyon.fr\/\"},{\"@type\":\"ListItem\",\"position\":2,\"name\":\"Nos Partenaires\"}]},{\"@type\":\"WebSite\",\"@id\":\"https:\/\/synergiecpelyon.fr\/#website\",\"url\":\"https:\/\/synergiecpelyon.fr\/\",\"name\":\"Synergie CPE Lyon\",\"description\":\"\",\"publisher\":{\"@id\":\"https:\/\/synergiecpelyon.fr\/#organization\"},\"potentialAction\":[{\"@type\":\"SearchAction\",\"target\":{\"@type\":\"EntryPoint\",\"urlTemplate\":\"https:\/\/synergiecpelyon.fr\/?s={search_term_string}\"},\"query-input\":{\"@type\":\"PropertyValueSpecification\",\"valueRequired\":true,\"valueName\":\"search_term_string\"}}],\"inLanguage\":\"fr-FR\"},{\"@type\":\"Organization\",\"@id\":\"https:\/\/synergiecpelyon.fr\/#organization\",\"name\":\"Synergie CPE Lyon\",\"url\":\"https:\/\/synergiecpelyon.fr\/\",\"logo\":{\"@type\":\"ImageObject\",\"inLanguage\":\"fr-FR\",\"@id\":\"https:\/\/synergiecpelyon.fr\/#\/schema\/logo\/image\/\",\"url\":\"https:\/\/synergie.cpe.fr\/wp-content\/uploads\/2024\/11\/cropped-cropped-Logo-Synergie-sans-fond.png\",\"contentUrl\":\"https:\/\/synergie.cpe.fr\/wp-content\/uploads\/2024\/11\/cropped-cropped-Logo-Synergie-sans-fond.png\",\"width\":1563,\"height\":758,\"caption\":\"Synergie CPE Lyon\"},\"image\":{\"@id\":\"https:\/\/synergiecpelyon.fr\/#\/schema\/logo\/image\/\"}}]}<\/script>\n<!-- \/ Yoast SEO plugin. -->","yoast_head_json":{"title":"Nos Partenaires - Synergie CPE Lyon","robots":{"index":"noindex","follow":"follow","max-snippet":"max-snippet:-1","max-image-preview":"max-image-preview:large","max-video-preview":"max-video-preview:-1"},"og_locale":"fr_FR","og_type":"article","og_title":"Nos Partenaires - Synergie CPE Lyon","og_description":"Synergie et Partenariats Chez Synergie, nous croyons que l&rsquo;innovation na\u00eet de la collaboration. C&rsquo;est pourquoi nous avons d\u00e9velopp\u00e9 des partenariats solides avec des acteurs strat\u00e9giques de notre \u00e9cosyst\u00e8me. Ensemble, nous relevons des d\u00e9fis ambitieux et construisons des solutions durables et innovantes. NEO2 NEO2 est une soci\u00e9t\u00e9 de conseil sp\u00e9cialiste de Lire la suite","og_url":"https:\/\/synergie.cpe.fr\/index.php\/nos-partenaires\/","og_site_name":"Synergie CPE Lyon","article_modified_time":"2024-12-08T16:16:32+00:00","og_image":[{"url":"https:\/\/synergie.cpe.fr\/wp-content\/uploads\/2024\/11\/NEO2-Logo.png","type":"","width":"","height":""}],"twitter_card":"summary_large_image","twitter_misc":{"Dur\u00e9e de lecture estim\u00e9e":"1 minute"},"schema":{"@context":"https:\/\/schema.org","@graph":[{"@type":"WebPage","@id":"https:\/\/synergie.cpe.fr\/index.php\/nos-partenaires\/","url":"https:\/\/synergie.cpe.fr\/index.php\/nos-partenaires\/","name":"Nos Partenaires - Synergie CPE Lyon","isPartOf":{"@id":"https:\/\/synergiecpelyon.fr\/#website"},"primaryImageOfPage":{"@id":"https:\/\/synergie.cpe.fr\/index.php\/nos-partenaires\/#primaryimage"},"image":{"@id":"https:\/\/synergie.cpe.fr\/index.php\/nos-partenaires\/#primaryimage"},"thumbnailUrl":"https:\/\/synergie.cpe.fr\/wp-content\/uploads\/2024\/11\/NEO2-Logo.png","datePublished":"2024-12-08T16:15:53+00:00","dateModified":"2024-12-08T16:16:32+00:00","breadcrumb":{"@id":"https:\/\/synergie.cpe.fr\/index.php\/nos-partenaires\/#breadcrumb"},"inLanguage":"fr-FR","potentialAction":[{"@type":"ReadAction","target":["https:\/\/synergie.cpe.fr\/index.php\/nos-partenaires\/"]}]},{"@type":"ImageObject","inLanguage":"fr-FR","@id":"https:\/\/synergie.cpe.fr\/index.php\/nos-partenaires\/#primaryimage","url":"https:\/\/synergie.cpe.fr\/wp-content\/uploads\/2024\/11\/NEO2-Logo.png","contentUrl":"https:\/\/synergie.cpe.fr\/wp-content\/uploads\/2024\/11\/NEO2-Logo.png","width":200,"height":200},{"@type":"BreadcrumbList","@id":"https:\/\/synergie.cpe.fr\/index.php\/nos-partenaires\/#breadcrumb","itemListElement":[{"@type":"ListItem","position":1,"name":"Accueil","item":"https:\/\/synergiecpelyon.fr\/"},{"@type":"ListItem","position":2,"name":"Nos Partenaires"}]},{"@type":"WebSite","@id":"https:\/\/synergiecpelyon.fr\/#website","url":"https:\/\/synergiecpelyon.fr\/","name":"Synergie CPE Lyon","description":"","publisher":{"@id":"https:\/\/synergiecpelyon.fr\/#organization"},"potentialAction":[{"@type":"SearchAction","target":{"@type":"EntryPoint","urlTemplate":"https:\/\/synergiecpelyon.fr\/?s={search_term_string}"},"query-input":{"@type":"PropertyValueSpecification","valueRequired":true,"valueName":"search_term_string"}}],"inLanguage":"fr-FR"},{"@type":"Organization","@id":"https:\/\/synergiecpelyon.fr\/#organization","name":"Synergie CPE Lyon","url":"https:\/\/synergiecpelyon.fr\/","logo":{"@type":"ImageObject","inLanguage":"fr-FR","@id":"https:\/\/synergiecpelyon.fr\/#\/schema\/logo\/image\/","url":"https:\/\/synergie.cpe.fr\/wp-content\/uploads\/2024\/11\/cropped-cropped-Logo-Synergie-sans-fond.png","contentUrl":"https:\/\/synergie.cpe.fr\/wp-content\/uploads\/2024\/11\/cropped-cropped-Logo-Synergie-sans-fond.png","width":1563,"height":758,"caption":"Synergie CPE Lyon"},"image":{"@id":"https:\/\/synergiecpelyon.fr\/#\/schema\/logo\/image\/"}}]}},"_links":{"self":[{"href":"https:\/\/synergie.cpe.fr\/index.php\/wp-json\/wp\/v2\/pages\/873","targetHints":{"allow":["GET"]}}],"collection":[{"href":"https:\/\/synergie.cpe.fr\/index.php\/wp-json\/wp\/v2\/pages"}],"about":[{"href":"https:\/\/synergie.cpe.fr\/index.php\/wp-json\/wp\/v2\/types\/page"}],"author":[{"embeddable":true,"href":"https:\/\/synergie.cpe.fr\/index.php\/wp-json\/wp\/v2\/users\/23"}],"replies":[{"embeddable":true,"href":"https:\/\/synergie.cpe.fr\/index.php\/wp-json\/wp\/v2\/comments?post=873"}],"version-history":[{"count":3,"href":"https:\/\/synergie.cpe.fr\/index.php\/wp-json\/wp\/v2\/pages\/873\/revisions"}],"predecessor-version":[{"id":876,"href":"https:\/\/synergie.cpe.fr\/index.php\/wp-json\/wp\/v2\/pages\/873\/revisions\/876"}],"wp:attachment":[{"href":"https:\/\/synergie.cpe.fr\/index.php\/wp-json\/wp\/v2\/media?parent=873"}],"curies":[{"name":"wp","href":"https:\/\/api.w.org\/{rel}","templated":true}]}}